{"id":3981,"date":"2024-10-24T15:42:55","date_gmt":"2024-10-24T07:42:55","guid":{"rendered":"https:\/\/www.ledpointlight.com\/?post_type=product&#038;p=3981"},"modified":"2024-11-20T17:12:04","modified_gmt":"2024-11-20T09:12:04","slug":"miracle-bean-led-point-light-good-quality-smd5050-20mm-professional-led-light-pixel-light","status":"publish","type":"product","link":"https:\/\/www.ledpointlight.com\/es\/product\/miracle-bean-led-point-light-good-quality-smd5050-20mm-professional-led-light-pixel-light\/","title":{"rendered":"Miracle Bean - Punto de luz LED SMD5050 de 20 mm, luz de p\u00edxel profesional de buena calidad."},"content":{"rendered":"<p>The Puhui G series point light source XH-G2001 from Xinhe Optoelectronics is a high-quality luminous light source for large and medium-sized advertising signs. It has the characteristics of being compact and easy to install, as well as the advantages of glue protection IP67, flame retardant PC UV resistance, strong pressure resistance, and good weather resistance. It is widely used in single building outlines and multi building linkage media display screens in commercial and residential buildings, municipal buildings, bank buildings, urban streets, rivers, bridges, urban commercial complexes, star rated hotels, and other buildings.<\/p>","protected":false},"excerpt":{"rendered":"<p>La fuente de luz puntual fotoel\u00e9ctrica de la serie HP G de la cooperativa de cr\u00e9dito - XH-G2001 es una fuente de luz compacta y de alta calidad f\u00e1cil de instalar para carteles publicitarios de tama\u00f1o grande y mediano, que tiene muchas ventajas, como proteger IP67 al verter pegamento, resistir los rayos UV de PC retardante de llama, fuerte resistencia a la presi\u00f3n y buena resistencia a la intemperie.<br \/>\nAmpliamente utilizado en edificios comerciales y residenciales, edificios municipales, edificios bancarios, calles urbanas, r\u00edos, puentes, complejos comerciales urbanos, hoteles con clasificaci\u00f3n de estrellas y otros contornos de edificios individuales o pantallas de visualizaci\u00f3n de medios de vinculaci\u00f3n de edificios m\u00faltiples.<\/p>","protected":false},"featured_media":3982,"comment_status":"open","ping_status":"closed","template":"","meta":{"_acf_changed":false},"product_cat":[15],"product_tag":[],"class_list":["post-3981","product","type-product","status-publish","has-post-thumbnail","hentry","product_cat-puhui-g-series-point-light-source"],"acf":[],"_links":{"self":[{"href":"https:\/\/www.ledpointlight.com\/es\/wp-json\/wp\/v2\/product\/3981","targetHints":{"allow":["GET"]}}],"collection":[{"href":"https:\/\/www.ledpointlight.com\/es\/wp-json\/wp\/v2\/product"}],"about":[{"href":"https:\/\/www.ledpointlight.com\/es\/wp-json\/wp\/v2\/types\/product"}],"replies":[{"embeddable":true,"href":"https:\/\/www.ledpointlight.com\/es\/wp-json\/wp\/v2\/comments?post=3981"}],"wp:featuredmedia":[{"embeddable":true,"href":"https:\/\/www.ledpointlight.com\/es\/wp-json\/wp\/v2\/media\/3982"}],"wp:attachment":[{"href":"https:\/\/www.ledpointlight.com\/es\/wp-json\/wp\/v2\/media?parent=3981"}],"wp:term":[{"taxonomy":"product_cat","embeddable":true,"href":"https:\/\/www.ledpointlight.com\/es\/wp-json\/wp\/v2\/product_cat?post=3981"},{"taxonomy":"product_tag","embeddable":true,"href":"https:\/\/www.ledpointlight.com\/es\/wp-json\/wp\/v2\/product_tag?post=3981"}],"curies":[{"name":"wp","href":"https:\/\/api.w.org\/{rel}","templated":true}]}}