{"id":4062,"date":"2024-10-25T10:41:06","date_gmt":"2024-10-25T02:41:06","guid":{"rendered":"https:\/\/www.ledpointlight.com\/?post_type=product&#038;p=4062"},"modified":"2024-11-20T17:04:17","modified_gmt":"2024-11-20T09:04:17","slug":"miracle-bean-led-point-light-outdoor-decoration-smd3535-ip67-rgbw-1-5w-dmx512-led-pixel-lights","status":"publish","type":"product","link":"https:\/\/www.ledpointlight.com\/es\/product\/miracle-bean-led-point-light-outdoor-decoration-smd3535-ip67-rgbw-1-5w-dmx512-led-pixel-lights\/","title":{"rendered":"Punto de luz LED Miracle Bean para decoraci\u00f3n exterior SMD3535 IP67 RGBW 1,5 W DMX512, luces de p\u00edxel LED"},"content":{"rendered":"<p>Xinhe Optoelectronics Honor Series XH-K5006 point light source has high brightness and stable light beads, pure light color, high-quality PC material flame retardant for ten years without discoloration, special convex cover design to reduce cleaning costs, IP67 protection, long power supply distance and save wiring materials. There are various convenient installation methods such as profiles, steel wire bases, screw installation, etc. The face mask can be freely matched in milky white, transparent, and grid, and is used in commercial and residential buildings, municipal buildings, bank buildings, urban streets, rivers, bridges, urban commercial complexes, star hotels, etc. It is an ideal choice for night lighting fixtures.<\/p>","protected":false},"excerpt":{"rendered":"<p>Fuente de luz puntual serie Glory de Xinhe Optoelectronic - XH-K5006 adopta IP67; que est\u00e1 totalmente encapsulado y es impermeable; Perlas de l\u00e1mpara importadas, color de luz puro; Material de PC Bayer de Alemania, duradero; Dise\u00f1o de m\u00e1scara \u00fanico, autolimpieza y otras ventajas, es una fuente de luz puntual de alta calidad para proyectos de iluminaci\u00f3n nocturna.<br \/>\nAmpliamente utilizado en edificios comerciales y residenciales, edificios municipales, edificios bancarios, calles urbanas, r\u00edos, puentes, complejos comerciales urbanos, hoteles con clasificaci\u00f3n de estrellas y otros proyectos de tecnolog\u00eda de alta gama, ciencia y tecnolog\u00eda, protecci\u00f3n del medio ambiente y otros proyectos de iluminaci\u00f3n nocturna.<\/p>","protected":false},"featured_media":4063,"comment_status":"open","ping_status":"closed","template":"","meta":{"_acf_changed":false},"product_cat":[43],"product_tag":[],"class_list":["post-4062","product","type-product","status-publish","has-post-thumbnail","hentry","product_cat-honor-k-series-point-light-source"],"acf":[],"_links":{"self":[{"href":"https:\/\/www.ledpointlight.com\/es\/wp-json\/wp\/v2\/product\/4062","targetHints":{"allow":["GET"]}}],"collection":[{"href":"https:\/\/www.ledpointlight.com\/es\/wp-json\/wp\/v2\/product"}],"about":[{"href":"https:\/\/www.ledpointlight.com\/es\/wp-json\/wp\/v2\/types\/product"}],"replies":[{"embeddable":true,"href":"https:\/\/www.ledpointlight.com\/es\/wp-json\/wp\/v2\/comments?post=4062"}],"wp:featuredmedia":[{"embeddable":true,"href":"https:\/\/www.ledpointlight.com\/es\/wp-json\/wp\/v2\/media\/4063"}],"wp:attachment":[{"href":"https:\/\/www.ledpointlight.com\/es\/wp-json\/wp\/v2\/media?parent=4062"}],"wp:term":[{"taxonomy":"product_cat","embeddable":true,"href":"https:\/\/www.ledpointlight.com\/es\/wp-json\/wp\/v2\/product_cat?post=4062"},{"taxonomy":"product_tag","embeddable":true,"href":"https:\/\/www.ledpointlight.com\/es\/wp-json\/wp\/v2\/product_tag?post=4062"}],"curies":[{"name":"wp","href":"https:\/\/api.w.org\/{rel}","templated":true}]}}