{"id":4074,"date":"2024-10-25T10:46:58","date_gmt":"2024-10-25T02:46:58","guid":{"rendered":"https:\/\/www.ledpointlight.com\/?post_type=product&#038;p=4074"},"modified":"2024-11-20T17:01:43","modified_gmt":"2024-11-20T09:01:43","slug":"miracle-bean-led-point-light-factory-price-ip67-outdoor-waterproof-rgb-led-pixel","status":"publish","type":"product","link":"https:\/\/www.ledpointlight.com\/es\/product\/miracle-bean-led-point-light-factory-price-ip67-outdoor-waterproof-rgb-led-pixel\/","title":{"rendered":"Punto de luz LED Miracle Bean, precio de f\u00e1brica, IP67, para exteriores, resistente al agua, RGB, LED, p\u00edxeles"},"content":{"rendered":"<p>The XH-K3006 point light source from Xinhe Optoelectronics Honor Series is made of PC material with pure light color, flame retardant and UV resistant properties that will not change color for ten years. It adopts a special convex cover design for self-cleaning, saving manual cleaning costs. The lamp is fully enclosed and waterproof with IP67 glue, with a long power supply distance and less wiring to save material costs. There are various quick installation methods such as profiles, steel wire bases, and screw installations. It is widely used in high-end technology, technology, and environmental protection night lighting projects such as commercial and residential buildings, municipal buildings, bank buildings, urban streets, rivers, bridges, urban commercial complexes, star rated hotels, etc.<\/p>","protected":false},"excerpt":{"rendered":"<p>Fuente de luz puntual serie Glory de Xinhe Optoelectronic - XH-K3006 adopta IP67; que est\u00e1 totalmente encapsulado y es impermeable; Perlas de l\u00e1mpara importadas, color de luz puro; Material de PC Bayer de Alemania, duradero; Dise\u00f1o de m\u00e1scara \u00fanico, autolimpieza y otras ventajas, es una fuente de luz puntual de alta calidad para proyectos de iluminaci\u00f3n nocturna.<br \/>\nAmpliamente utilizado en edificios comerciales y residenciales, edificios municipales, edificios bancarios, calles urbanas, r\u00edos, puentes, complejos comerciales urbanos, hoteles con clasificaci\u00f3n de estrellas y otros proyectos de tecnolog\u00eda de alta gama, ciencia y tecnolog\u00eda, protecci\u00f3n del medio ambiente y otros proyectos de iluminaci\u00f3n nocturna.<\/p>","protected":false},"featured_media":4075,"comment_status":"open","ping_status":"closed","template":"","meta":{"_acf_changed":false},"product_cat":[43],"product_tag":[],"class_list":["post-4074","product","type-product","status-publish","has-post-thumbnail","hentry","product_cat-honor-k-series-point-light-source"],"acf":[],"_links":{"self":[{"href":"https:\/\/www.ledpointlight.com\/es\/wp-json\/wp\/v2\/product\/4074","targetHints":{"allow":["GET"]}}],"collection":[{"href":"https:\/\/www.ledpointlight.com\/es\/wp-json\/wp\/v2\/product"}],"about":[{"href":"https:\/\/www.ledpointlight.com\/es\/wp-json\/wp\/v2\/types\/product"}],"replies":[{"embeddable":true,"href":"https:\/\/www.ledpointlight.com\/es\/wp-json\/wp\/v2\/comments?post=4074"}],"wp:featuredmedia":[{"embeddable":true,"href":"https:\/\/www.ledpointlight.com\/es\/wp-json\/wp\/v2\/media\/4075"}],"wp:attachment":[{"href":"https:\/\/www.ledpointlight.com\/es\/wp-json\/wp\/v2\/media?parent=4074"}],"wp:term":[{"taxonomy":"product_cat","embeddable":true,"href":"https:\/\/www.ledpointlight.com\/es\/wp-json\/wp\/v2\/product_cat?post=4074"},{"taxonomy":"product_tag","embeddable":true,"href":"https:\/\/www.ledpointlight.com\/es\/wp-json\/wp\/v2\/product_tag?post=4074"}],"curies":[{"name":"wp","href":"https:\/\/api.w.org\/{rel}","templated":true}]}}