{"id":4080,"date":"2024-10-25T10:50:02","date_gmt":"2024-10-25T02:50:02","guid":{"rendered":"https:\/\/www.ledpointlight.com\/?post_type=product&#038;p=4080"},"modified":"2024-11-20T17:00:31","modified_gmt":"2024-11-20T09:00:31","slug":"miracle-bean-led-point-light-k3003-series-led-rgb-dc12v-3535-30mm-led-light","status":"publish","type":"product","link":"https:\/\/www.ledpointlight.com\/es\/product\/miracle-bean-led-point-light-k3003-series-led-rgb-dc12v-3535-30mm-led-light\/","title":{"rendered":"Punto de luz LED Miracle Bean K3003, serie LED RGB DC12V 3535, 30 mm"},"content":{"rendered":"<p>Xinhe Optoelectronics Honor Series Point Light Source XH-K3003 has the advantages of pure light color, PC material flame retardant and UV resistance that can maintain color for ten years, special convex cover design self-cleaning, fully enclosed glue waterproof protection level IP67, long power supply distance that can reduce wiring and save materials. The installation methods include profiles, steel wire bases, screw installation, and other convenient methods. It is widely used in high-end technical, technological, and environmentally friendly night lighting projects such as commercial and residential buildings, municipal buildings, bank buildings, urban streets, rivers, bridges, urban commercial complexes, star rated hotels, etc.<\/p>","protected":false},"excerpt":{"rendered":"<p>Fuente de luz puntual serie Glory de Xinhe Optoelectronic - XH-K3003 adopta IP67; que est\u00e1 totalmente encapsulado y es resistente al agua; Perlas de l\u00e1mpara importadas, color de luz puro; Material de PC Bayer de Alemania, duradero; Dise\u00f1o de m\u00e1scara \u00fanico, autolimpieza y otras ventajas, es una fuente de luz puntual de alta calidad para proyectos de iluminaci\u00f3n nocturna.<br \/>\nAmpliamente utilizado en edificios comerciales y residenciales, edificios municipales, edificios bancarios, calles urbanas, r\u00edos, puentes, complejos comerciales urbanos, hoteles con clasificaci\u00f3n de estrellas y otros proyectos de tecnolog\u00eda de alta gama, ciencia y tecnolog\u00eda, protecci\u00f3n del medio ambiente y otros proyectos de iluminaci\u00f3n nocturna.<\/p>","protected":false},"featured_media":4081,"comment_status":"open","ping_status":"closed","template":"","meta":{"_acf_changed":false},"product_cat":[43],"product_tag":[],"class_list":["post-4080","product","type-product","status-publish","has-post-thumbnail","hentry","product_cat-honor-k-series-point-light-source"],"acf":[],"_links":{"self":[{"href":"https:\/\/www.ledpointlight.com\/es\/wp-json\/wp\/v2\/product\/4080","targetHints":{"allow":["GET"]}}],"collection":[{"href":"https:\/\/www.ledpointlight.com\/es\/wp-json\/wp\/v2\/product"}],"about":[{"href":"https:\/\/www.ledpointlight.com\/es\/wp-json\/wp\/v2\/types\/product"}],"replies":[{"embeddable":true,"href":"https:\/\/www.ledpointlight.com\/es\/wp-json\/wp\/v2\/comments?post=4080"}],"wp:featuredmedia":[{"embeddable":true,"href":"https:\/\/www.ledpointlight.com\/es\/wp-json\/wp\/v2\/media\/4081"}],"wp:attachment":[{"href":"https:\/\/www.ledpointlight.com\/es\/wp-json\/wp\/v2\/media?parent=4080"}],"wp:term":[{"taxonomy":"product_cat","embeddable":true,"href":"https:\/\/www.ledpointlight.com\/es\/wp-json\/wp\/v2\/product_cat?post=4080"},{"taxonomy":"product_tag","embeddable":true,"href":"https:\/\/www.ledpointlight.com\/es\/wp-json\/wp\/v2\/product_tag?post=4080"}],"curies":[{"name":"wp","href":"https:\/\/api.w.org\/{rel}","templated":true}]}}