{"id":4092,"date":"2024-10-25T11:06:48","date_gmt":"2024-10-25T03:06:48","guid":{"rendered":"https:\/\/www.ledpointlight.com\/?post_type=product&#038;p=4092"},"modified":"2024-11-20T17:08:30","modified_gmt":"2024-11-20T09:08:30","slug":"miracle-bean-waterproof-ip67-landscape-holiday-led-point-light-source","status":"publish","type":"product","link":"https:\/\/www.ledpointlight.com\/es\/product\/miracle-bean-waterproof-ip67-landscape-holiday-led-point-light-source\/","title":{"rendered":"Miracle Bean - Fuente de luz LED puntual impermeable IP67 para paisajes y vacaciones"},"content":{"rendered":"<p>The XH-Z3006 point light source from Xinhe Optoelectronics Simple Luxury Series is equipped with high brightness and stable light beads to ensure pure light color, high-quality PC flame retardant for ten years without color change, flexible cable design for easy installation, and protection level up to IP67. It is durable and easy to install with various convenient installation methods such as profiles, screws, and perforations. It is suitable for multi building linked media display screens and large and medium-sized advertising signs with luminous characters, with high cost-effectiveness.<\/p>","protected":false},"excerpt":{"rendered":"<p>La fuente de luz puntual fotoel\u00e9ctrica simple de lujo Xinhe - XH-Z3006 adopta un encapsulado integral a prueba de agua IP67; la PC retardante de llama es resistente a los rayos UV; cable plano flexible; peque\u00f1o y f\u00e1cil de instalar.<br \/>\nAmpliamente utilizado en edificios comerciales y residenciales, edificios municipales, edificios bancarios, calles urbanas, r\u00edos, puentes, complejos comerciales urbanos, hoteles con clasificaci\u00f3n de estrellas y otros contornos de edificios individuales o pantallas de visualizaci\u00f3n de medios de vinculaci\u00f3n de edificios m\u00faltiples; Una fuente de luz rentable para carteles publicitarios de tama\u00f1o grande y mediano.<\/p>","protected":false},"featured_media":4093,"comment_status":"open","ping_status":"closed","template":"","meta":{"_acf_changed":false},"product_cat":[44],"product_tag":[],"class_list":["post-4092","product","type-product","status-publish","has-post-thumbnail","hentry","product_cat-jian-she-z-series-point-light-source"],"acf":[],"_links":{"self":[{"href":"https:\/\/www.ledpointlight.com\/es\/wp-json\/wp\/v2\/product\/4092","targetHints":{"allow":["GET"]}}],"collection":[{"href":"https:\/\/www.ledpointlight.com\/es\/wp-json\/wp\/v2\/product"}],"about":[{"href":"https:\/\/www.ledpointlight.com\/es\/wp-json\/wp\/v2\/types\/product"}],"replies":[{"embeddable":true,"href":"https:\/\/www.ledpointlight.com\/es\/wp-json\/wp\/v2\/comments?post=4092"}],"wp:featuredmedia":[{"embeddable":true,"href":"https:\/\/www.ledpointlight.com\/es\/wp-json\/wp\/v2\/media\/4093"}],"wp:attachment":[{"href":"https:\/\/www.ledpointlight.com\/es\/wp-json\/wp\/v2\/media?parent=4092"}],"wp:term":[{"taxonomy":"product_cat","embeddable":true,"href":"https:\/\/www.ledpointlight.com\/es\/wp-json\/wp\/v2\/product_cat?post=4092"},{"taxonomy":"product_tag","embeddable":true,"href":"https:\/\/www.ledpointlight.com\/es\/wp-json\/wp\/v2\/product_tag?post=4092"}],"curies":[{"name":"wp","href":"https:\/\/api.w.org\/{rel}","templated":true}]}}