{"id":4104,"date":"2024-10-25T13:43:16","date_gmt":"2024-10-25T05:43:16","guid":{"rendered":"https:\/\/www.ledpointlight.com\/?post_type=product&#038;p=4104"},"modified":"2024-11-20T17:25:35","modified_gmt":"2024-11-20T09:25:35","slug":"giant-screen-display-expert-xh-fanxing-l20006-miracle-bean-led-grid-screen-fanxing-l20006","status":"publish","type":"product","link":"https:\/\/www.ledpointlight.com\/es\/product\/giant-screen-display-expert-xh-fanxing-l20006-miracle-bean-led-grid-screen-fanxing-l20006\/","title":{"rendered":"Experto en visualizaci\u00f3n de pantalla gigante\u2014\u2014XH- Fanxing L20006 Miracle Bean Pantalla de rejilla LED Fanxing L20006"},"content":{"rendered":"<p>XH Starry Star L20006, a giant screen display expert from Xinhe Optoelectronics, is a high-performance display lamp. Its transparent design makes it highly transparent, effectively dissipating heat, and IP67 protection can resist dust and moisture. Its exclusive patented technology makes it stand out, with multiple density options to meet display needs of different scales. The installation method of pin splicing and steel wire fixation is convenient and efficient, and the transportation of rolled packages is convenient and fast. It is commonly used for the production of flat or curved display screens for large indoor and outdoor building solid walls, steel structures, and glass curtain walls. It has excellent performance in medium to large-sized display screen media applications such as cultural and tourism promotion, commercial advertising, and city business card promotion.<\/p>","protected":false},"excerpt":{"rendered":"<p>El XH-Fanxing L20006 de Xinhe Optoelectronic ofrece las ventajas de patente exclusiva, densidad opcional, fijaci\u00f3n con empalme de alambre de acero, instalaci\u00f3n r\u00e1pida y sencilla, transparencia, modularidad, ligereza y protecci\u00f3n IP67 contra la disipaci\u00f3n del calor. Se utiliza frecuentemente para fabricar l\u00e1mparas y faroles en edificios de gran tama\u00f1o, tanto interiores como exteriores, con paredes s\u00f3lidas, estructuras de acero y muros cortina de vidrio con pantallas planas o curvas. Tambi\u00e9n se utiliza en diversos soportes de visualizaci\u00f3n de tama\u00f1o grande, mediano y extragrande, como la promoci\u00f3n de turismo cultural, la publicidad comercial, la promoci\u00f3n de tarjetas de visita urbanas, etc.<\/p>","protected":false},"featured_media":4105,"comment_status":"open","ping_status":"closed","template":"","meta":{"_acf_changed":false},"product_cat":[45],"product_tag":[],"class_list":["post-4104","product","type-product","status-publish","has-post-thumbnail","hentry","product_cat-giant-screen-grid-screen-series"],"acf":[],"_links":{"self":[{"href":"https:\/\/www.ledpointlight.com\/es\/wp-json\/wp\/v2\/product\/4104","targetHints":{"allow":["GET"]}}],"collection":[{"href":"https:\/\/www.ledpointlight.com\/es\/wp-json\/wp\/v2\/product"}],"about":[{"href":"https:\/\/www.ledpointlight.com\/es\/wp-json\/wp\/v2\/types\/product"}],"replies":[{"embeddable":true,"href":"https:\/\/www.ledpointlight.com\/es\/wp-json\/wp\/v2\/comments?post=4104"}],"wp:featuredmedia":[{"embeddable":true,"href":"https:\/\/www.ledpointlight.com\/es\/wp-json\/wp\/v2\/media\/4105"}],"wp:attachment":[{"href":"https:\/\/www.ledpointlight.com\/es\/wp-json\/wp\/v2\/media?parent=4104"}],"wp:term":[{"taxonomy":"product_cat","embeddable":true,"href":"https:\/\/www.ledpointlight.com\/es\/wp-json\/wp\/v2\/product_cat?post=4104"},{"taxonomy":"product_tag","embeddable":true,"href":"https:\/\/www.ledpointlight.com\/es\/wp-json\/wp\/v2\/product_tag?post=4104"}],"curies":[{"name":"wp","href":"https:\/\/api.w.org\/{rel}","templated":true}]}}