{"id":6026,"date":"2024-11-23T11:10:35","date_gmt":"2024-11-23T03:10:35","guid":{"rendered":"https:\/\/www.ledpointlight.com\/product\/miracle-bean-led-point-light-ip67-dmx-rgb-5050-building-decorate-landscape-light-led-pixel-light-2-2-2-2-2-2\/"},"modified":"2024-12-20T09:43:54","modified_gmt":"2024-12-20T01:43:54","slug":"miracle-bean-led-point-light-ip67-dmx-rgb-5050-building-decorate-landscape-light-led-pixel-light-2-2-2-2-2-2","status":"publish","type":"product","link":"https:\/\/www.ledpointlight.com\/es\/product\/miracle-bean-led-point-light-ip67-dmx-rgb-5050-building-decorate-landscape-light-led-pixel-light-2-2-2-2-2-2\/","title":{"rendered":"El vidrio para ventana P6 de 2 mm m\u00e1s ligero, delgado y f\u00e1cil de pegar con pel\u00edcula autoadhesiva, pantalla LED suave transparente"},"content":{"rendered":"<p>Products are not limited by size, and the size and shape can be customized according to project requirements; It can be pasted on glass or wall with any radian, without affecting the display effect, forming a complete and integrated special-shaped display screen.<\/p>","protected":false},"excerpt":{"rendered":"<p>Products are not limited by size, and the size and shape can be customized according to project requirements; It can be pasted on glass or wall with any radian, without affecting the display effect, forming a complete and integrated special-shaped display screen.<\/p>","protected":false},"featured_media":6078,"comment_status":"open","ping_status":"closed","template":"","meta":{"_acf_changed":false},"product_cat":[47],"product_tag":[],"class_list":["post-6026","product","type-product","status-publish","has-post-thumbnail","hentry","product_cat-led-flexible-transparent-screen"],"acf":[],"_links":{"self":[{"href":"https:\/\/www.ledpointlight.com\/es\/wp-json\/wp\/v2\/product\/6026","targetHints":{"allow":["GET"]}}],"collection":[{"href":"https:\/\/www.ledpointlight.com\/es\/wp-json\/wp\/v2\/product"}],"about":[{"href":"https:\/\/www.ledpointlight.com\/es\/wp-json\/wp\/v2\/types\/product"}],"replies":[{"embeddable":true,"href":"https:\/\/www.ledpointlight.com\/es\/wp-json\/wp\/v2\/comments?post=6026"}],"wp:featuredmedia":[{"embeddable":true,"href":"https:\/\/www.ledpointlight.com\/es\/wp-json\/wp\/v2\/media\/6078"}],"wp:attachment":[{"href":"https:\/\/www.ledpointlight.com\/es\/wp-json\/wp\/v2\/media?parent=6026"}],"wp:term":[{"taxonomy":"product_cat","embeddable":true,"href":"https:\/\/www.ledpointlight.com\/es\/wp-json\/wp\/v2\/product_cat?post=6026"},{"taxonomy":"product_tag","embeddable":true,"href":"https:\/\/www.ledpointlight.com\/es\/wp-json\/wp\/v2\/product_tag?post=6026"}],"curies":[{"name":"wp","href":"https:\/\/api.w.org\/{rel}","templated":true}]}}