{"id":3962,"date":"2024-10-24T14:58:49","date_gmt":"2024-10-24T06:58:49","guid":{"rendered":"https:\/\/www.ledpointlight.com\/?post_type=product&#038;p=3962"},"modified":"2024-11-20T17:15:17","modified_gmt":"2024-11-20T09:15:17","slug":"miracle-bean-led-point-light-smd3535-10cm-building-lighting-outdoor-rgb-ip67-for-landscape","status":"publish","type":"product","link":"https:\/\/www.ledpointlight.com\/fr\/product\/miracle-bean-led-point-light-smd3535-10cm-building-lighting-outdoor-rgb-ip67-for-landscape\/","title":{"rendered":"Projecteur LED Miracle Bean SMD3535 10 cm, \u00e9clairage ext\u00e9rieur de b\u00e2timent RGB IP67 pour paysage"},"content":{"rendered":"<p>The XH-G10021 point light source in the Xinhe Optoelectronics Puhui G series is a high-quality light source for large and medium-sized advertising signage luminous characters. It has the advantages of IP67 glue protection, flame retardant PC UV resistance, strong pressure resistance, good weather resistance, and special grid mask design anti glare. At the same time, it has various quick installation methods such as adhesive and screw installation. It has a wide range of applications in the contour display of single buildings such as commercial and residential buildings, municipal buildings, bank buildings, urban streets, rivers, bridges, urban commercial complexes, star rated hotels, and related fields of multi building linkage media display screens.<\/p>","protected":false},"excerpt":{"rendered":"<p>\u2014XH-G10021, une source lumineuse ponctuelle de la s\u00e9rie G de Credit Cooperatives Optoelectronic Pratt &amp; Whitney, est une source lumineuse de haute qualit\u00e9 pour les panneaux publicitaires de grande et moyenne taille, qui pr\u00e9sente les avantages d&#039;une protection IP67 avec de la colle, d&#039;une forte r\u00e9sistance \u00e0 la pression, d&#039;une bonne r\u00e9sistance aux intemp\u00e9ries, d&#039;un anti-UV en PC ignifuge, d&#039;un masque en maille anti-\u00e9blouissant et d&#039;une installation facile.<br \/>\nLargement utilis\u00e9 dans les b\u00e2timents commerciaux et r\u00e9sidentiels, les b\u00e2timents municipaux, les b\u00e2timents bancaires, les rues urbaines, les rivi\u00e8res, les ponts, les complexes commerciaux urbains, les h\u00f4tels \u00e9toil\u00e9s et autres contours de b\u00e2timents uniques, ou les \u00e9crans d&#039;affichage multim\u00e9dia de liaison multi-b\u00e2timents.<\/p>","protected":false},"featured_media":3963,"comment_status":"open","ping_status":"closed","template":"","meta":{"_acf_changed":false},"product_cat":[15],"product_tag":[],"class_list":["post-3962","product","type-product","status-publish","has-post-thumbnail","hentry","product_cat-puhui-g-series-point-light-source"],"acf":[],"_links":{"self":[{"href":"https:\/\/www.ledpointlight.com\/fr\/wp-json\/wp\/v2\/product\/3962","targetHints":{"allow":["GET"]}}],"collection":[{"href":"https:\/\/www.ledpointlight.com\/fr\/wp-json\/wp\/v2\/product"}],"about":[{"href":"https:\/\/www.ledpointlight.com\/fr\/wp-json\/wp\/v2\/types\/product"}],"replies":[{"embeddable":true,"href":"https:\/\/www.ledpointlight.com\/fr\/wp-json\/wp\/v2\/comments?post=3962"}],"wp:featuredmedia":[{"embeddable":true,"href":"https:\/\/www.ledpointlight.com\/fr\/wp-json\/wp\/v2\/media\/3963"}],"wp:attachment":[{"href":"https:\/\/www.ledpointlight.com\/fr\/wp-json\/wp\/v2\/media?parent=3962"}],"wp:term":[{"taxonomy":"product_cat","embeddable":true,"href":"https:\/\/www.ledpointlight.com\/fr\/wp-json\/wp\/v2\/product_cat?post=3962"},{"taxonomy":"product_tag","embeddable":true,"href":"https:\/\/www.ledpointlight.com\/fr\/wp-json\/wp\/v2\/product_tag?post=3962"}],"curies":[{"name":"wp","href":"https:\/\/api.w.org\/{rel}","templated":true}]}}