{"id":3969,"date":"2024-10-24T15:31:39","date_gmt":"2024-10-24T07:31:39","guid":{"rendered":"https:\/\/www.ledpointlight.com\/?post_type=product&#038;p=3969"},"modified":"2024-11-20T17:14:24","modified_gmt":"2024-11-20T09:14:24","slug":"miracle-bean-led-point-light-waterproof-ip67-dc12v-single-color-diameter-30mm","status":"publish","type":"product","link":"https:\/\/www.ledpointlight.com\/fr\/product\/miracle-bean-led-point-light-waterproof-ip67-dc12v-single-color-diameter-30mm\/","title":{"rendered":"Point lumineux LED Miracle Bean, \u00e9tanche IP67, DC12 V, couleur unique, diam\u00e8tre 30 mm"},"content":{"rendered":"<p>The XH-G3006 point light source from Xinhe Optoelectronics Puhui G series is an ideal light source for large and medium-sized advertising signage luminous characters. It has the advantages of IP67 glue protection, flame retardant PC UV resistance, strong pressure resistance, and good weather resistance. It also provides a large number of quick installation methods such as openings, profiles, steel wire bases, screw installations, etc. It is widely used in commercial and residential buildings, municipal buildings, bank buildings, urban streets, rivers, bridges, urban commercial complexes, star rated hotels and other building outlines.<\/p>","protected":false},"excerpt":{"rendered":"<p>\u2014XH-G3006, une source lumineuse ponctuelle de la s\u00e9rie G de Credit Cooperatives Optoelectronic Pratt &amp; Whitney, est une source lumineuse de haute qualit\u00e9 pour les panneaux publicitaires de grande et moyenne taille, avec des perles de lampe import\u00e9es, une luminosit\u00e9 et une stabilit\u00e9 \u00e9lev\u00e9es, un mat\u00e9riau PC Bayer durable en Allemagne, une protection IP67 par injection de colle, une forte r\u00e9sistance aux UV et une bonne r\u00e9sistance aux intemp\u00e9ries.<br \/>\nLargement utilis\u00e9 dans les b\u00e2timents commerciaux et r\u00e9sidentiels, les b\u00e2timents municipaux, les b\u00e2timents bancaires, les rues urbaines, les rivi\u00e8res, les ponts, les complexes commerciaux urbains, les h\u00f4tels \u00e9toil\u00e9s et autres contours de b\u00e2timents uniques, ou les \u00e9crans d&#039;affichage multim\u00e9dia de liaison multi-b\u00e2timents.<\/p>","protected":false},"featured_media":3970,"comment_status":"open","ping_status":"closed","template":"","meta":{"_acf_changed":false},"product_cat":[15],"product_tag":[],"class_list":["post-3969","product","type-product","status-publish","has-post-thumbnail","hentry","product_cat-puhui-g-series-point-light-source"],"acf":[],"_links":{"self":[{"href":"https:\/\/www.ledpointlight.com\/fr\/wp-json\/wp\/v2\/product\/3969","targetHints":{"allow":["GET"]}}],"collection":[{"href":"https:\/\/www.ledpointlight.com\/fr\/wp-json\/wp\/v2\/product"}],"about":[{"href":"https:\/\/www.ledpointlight.com\/fr\/wp-json\/wp\/v2\/types\/product"}],"replies":[{"embeddable":true,"href":"https:\/\/www.ledpointlight.com\/fr\/wp-json\/wp\/v2\/comments?post=3969"}],"wp:featuredmedia":[{"embeddable":true,"href":"https:\/\/www.ledpointlight.com\/fr\/wp-json\/wp\/v2\/media\/3970"}],"wp:attachment":[{"href":"https:\/\/www.ledpointlight.com\/fr\/wp-json\/wp\/v2\/media?parent=3969"}],"wp:term":[{"taxonomy":"product_cat","embeddable":true,"href":"https:\/\/www.ledpointlight.com\/fr\/wp-json\/wp\/v2\/product_cat?post=3969"},{"taxonomy":"product_tag","embeddable":true,"href":"https:\/\/www.ledpointlight.com\/fr\/wp-json\/wp\/v2\/product_tag?post=3969"}],"curies":[{"name":"wp","href":"https:\/\/api.w.org\/{rel}","templated":true}]}}