{"id":3975,"date":"2024-10-24T15:36:44","date_gmt":"2024-10-24T07:36:44","guid":{"rendered":"https:\/\/www.ledpointlight.com\/?post_type=product&#038;p=3975"},"modified":"2024-11-20T17:13:19","modified_gmt":"2024-11-20T09:13:19","slug":"miracle-bean-led-point-light-waterproof-customized-ip67-12v-30mm-outdoor-rgb-rgbw","status":"publish","type":"product","link":"https:\/\/www.ledpointlight.com\/fr\/product\/miracle-bean-led-point-light-waterproof-customized-ip67-12v-30mm-outdoor-rgb-rgbw\/","title":{"rendered":"Miracle Bean LED Point Light \u00e9tanche personnalis\u00e9 IP67 12V 30mm ext\u00e9rieur RVB RGBW"},"content":{"rendered":"<p>The XH-G3003 Puhui G series point light source from Xinhe Optoelectronics has a compact appearance that is easy to install. It has the characteristics of glue protection IP67, flame retardant PC UV resistance, strong compression resistance, and good weather resistance, making it a high-quality light source for large and medium-sized advertising signs. Widely used in the field of single building outlines and multi building linkage media display screens in commercial and residential buildings, municipal buildings, bank buildings, urban streets, rivers, bridges, urban commercial complexes, star rated hotels, and other areas.<\/p>","protected":false},"excerpt":{"rendered":"<p>\u2014XH-G3003, une source lumineuse ponctuelle de la s\u00e9rie G de Credit Cooperatives Optoelectronic Pratt &amp; Whitney, est une source lumineuse de haute qualit\u00e9 pour les panneaux publicitaires de grande et moyenne taille, avec des perles de lampe import\u00e9es, une luminosit\u00e9 et une stabilit\u00e9 \u00e9lev\u00e9es, un mat\u00e9riau PC Bayer durable en Allemagne, une protection IP67 par injection de colle, une forte r\u00e9sistance aux UV et une bonne r\u00e9sistance aux intemp\u00e9ries.<br \/>\nLargement utilis\u00e9 dans les b\u00e2timents commerciaux et r\u00e9sidentiels, les b\u00e2timents municipaux, les b\u00e2timents bancaires, les rues urbaines, les rivi\u00e8res, les ponts, les complexes commerciaux urbains, les h\u00f4tels \u00e9toil\u00e9s et autres contours de b\u00e2timents uniques, ou les \u00e9crans d&#039;affichage multim\u00e9dia de liaison multi-b\u00e2timents.<\/p>","protected":false},"featured_media":3979,"comment_status":"open","ping_status":"closed","template":"","meta":{"_acf_changed":false},"product_cat":[15],"product_tag":[],"class_list":["post-3975","product","type-product","status-publish","has-post-thumbnail","hentry","product_cat-puhui-g-series-point-light-source"],"acf":[],"_links":{"self":[{"href":"https:\/\/www.ledpointlight.com\/fr\/wp-json\/wp\/v2\/product\/3975","targetHints":{"allow":["GET"]}}],"collection":[{"href":"https:\/\/www.ledpointlight.com\/fr\/wp-json\/wp\/v2\/product"}],"about":[{"href":"https:\/\/www.ledpointlight.com\/fr\/wp-json\/wp\/v2\/types\/product"}],"replies":[{"embeddable":true,"href":"https:\/\/www.ledpointlight.com\/fr\/wp-json\/wp\/v2\/comments?post=3975"}],"wp:featuredmedia":[{"embeddable":true,"href":"https:\/\/www.ledpointlight.com\/fr\/wp-json\/wp\/v2\/media\/3979"}],"wp:attachment":[{"href":"https:\/\/www.ledpointlight.com\/fr\/wp-json\/wp\/v2\/media?parent=3975"}],"wp:term":[{"taxonomy":"product_cat","embeddable":true,"href":"https:\/\/www.ledpointlight.com\/fr\/wp-json\/wp\/v2\/product_cat?post=3975"},{"taxonomy":"product_tag","embeddable":true,"href":"https:\/\/www.ledpointlight.com\/fr\/wp-json\/wp\/v2\/product_tag?post=3975"}],"curies":[{"name":"wp","href":"https:\/\/api.w.org\/{rel}","templated":true}]}}