{"id":3987,"date":"2024-10-24T16:17:46","date_gmt":"2024-10-24T08:17:46","guid":{"rendered":"https:\/\/www.ledpointlight.com\/?post_type=product&#038;p=3987"},"modified":"2024-11-20T16:58:46","modified_gmt":"2024-11-20T08:58:46","slug":"miracle-bean-led-point-light-rgb-point-pixel-light-dc24v-40mm-pc-lamp-body-material","status":"publish","type":"product","link":"https:\/\/www.ledpointlight.com\/fr\/product\/miracle-bean-led-point-light-rgb-point-pixel-light-dc24v-40mm-pc-lamp-body-material\/","title":{"rendered":"Miracle Bean LED Point Light RGB Point Pixel Light DC24V 40MM PC Lampe Mat\u00e9riau du corps"},"content":{"rendered":"<p>The XH-H4006 point light source belongs to the classic H series of Xinhe Optoelectronics and is the preferred point light source for large and medium-sized engineering level night lighting. It has the advantages of glue protection IP67, flame retardant PC anti UV, special face mask design with top buckle micro convex cover self-cleaning, high brightness and stable light beads, etc. In terms of installation, there are multiple ways to install profiles, steel wires, base screws, etc. Transparent, milky white, and grid surface covers can be selected. It has a wide range of applications in the contour display of single buildings such as commercial and residential buildings, municipal buildings, bank buildings, urban streets, rivers, bridges, urban commercial complexes, star rated hotels, and related fields of multi building linkage media display screens.<\/p>","protected":false},"excerpt":{"rendered":"<p>La source lumineuse ponctuelle photo\u00e9lectrique Xinhe s\u00e9rie H classique (XH-H4006) est fabriqu\u00e9e en polycarbonate Bayer d&#039;Allemagne, un mat\u00e9riau durable et \u00e9tanche IP67. Son couvercle micro-convexe est autonettoyant. Ses perles lumineuses et stables permettent de choisir entre des masques transparents, blanc laiteux et divers masques avec grille. Num\u00e9ro de brevet du mod\u00e8le d&#039;utilit\u00e9\u00a0: ZL201520642192.6.<br \/>\nIl s&#039;agit d&#039;une source lumineuse ponctuelle de haute qualit\u00e9 pour les panneaux publicitaires de grande et moyenne taille.<br \/>\nIl est largement utilis\u00e9 pour les contours de b\u00e2timents uniques tels que les b\u00e2timents commerciaux et r\u00e9sidentiels, les b\u00e2timents municipaux, les b\u00e2timents bancaires, les rues urbaines, les rivi\u00e8res, les ponts, les complexes commerciaux urbains, les h\u00f4tels \u00e9toil\u00e9s ou les affichages multim\u00e9dias de liaison multi-b\u00e2timents.<\/p>","protected":false},"featured_media":3988,"comment_status":"open","ping_status":"closed","template":"","meta":{"_acf_changed":false},"product_cat":[42],"product_tag":[],"class_list":["post-3987","product","type-product","status-publish","has-post-thumbnail","hentry","product_cat-classic-h-series-point-light-source"],"acf":[],"_links":{"self":[{"href":"https:\/\/www.ledpointlight.com\/fr\/wp-json\/wp\/v2\/product\/3987","targetHints":{"allow":["GET"]}}],"collection":[{"href":"https:\/\/www.ledpointlight.com\/fr\/wp-json\/wp\/v2\/product"}],"about":[{"href":"https:\/\/www.ledpointlight.com\/fr\/wp-json\/wp\/v2\/types\/product"}],"replies":[{"embeddable":true,"href":"https:\/\/www.ledpointlight.com\/fr\/wp-json\/wp\/v2\/comments?post=3987"}],"wp:featuredmedia":[{"embeddable":true,"href":"https:\/\/www.ledpointlight.com\/fr\/wp-json\/wp\/v2\/media\/3988"}],"wp:attachment":[{"href":"https:\/\/www.ledpointlight.com\/fr\/wp-json\/wp\/v2\/media?parent=3987"}],"wp:term":[{"taxonomy":"product_cat","embeddable":true,"href":"https:\/\/www.ledpointlight.com\/fr\/wp-json\/wp\/v2\/product_cat?post=3987"},{"taxonomy":"product_tag","embeddable":true,"href":"https:\/\/www.ledpointlight.com\/fr\/wp-json\/wp\/v2\/product_tag?post=3987"}],"curies":[{"name":"wp","href":"https:\/\/api.w.org\/{rel}","templated":true}]}}