{"id":3999,"date":"2024-10-24T16:26:10","date_gmt":"2024-10-24T08:26:10","guid":{"rendered":"https:\/\/www.ledpointlight.com\/?post_type=product&#038;p=3999"},"modified":"2024-11-20T16:55:16","modified_gmt":"2024-11-20T08:55:16","slug":"miracle-bean-led-point-light-programmable-building-advertisement-waterproof-outdoor-24v-rgb","status":"publish","type":"product","link":"https:\/\/www.ledpointlight.com\/fr\/product\/miracle-bean-led-point-light-programmable-building-advertisement-waterproof-outdoor-24v-rgb\/","title":{"rendered":"Miracle Bean LED Spot Light Programmable B\u00e2timent Publicit\u00e9 \u00c9tanche Ext\u00e9rieur 24 V RVB"},"content":{"rendered":"<p>The XH-H5012 point light source of Xinhe Optoelectronics&#8217; classic H series is the preferred point light source for large and medium-sized engineering level night lighting. It has a series of advantages such as glue protection IP67, high-quality PC flame retardant and UV resistant, special face mask design top buckle micro convex cover self-cleaning to save manual cleaning costs, high brightness and stable light beads, and durability. Its installation methods include steel wire base, adhesive installation, and other quick forms. Transparent, milky white, and grid surface covers can be freely selected and matched. It has a wide range of application value in single building contour display and multi building linkage media display screens in commercial and residential buildings, municipal buildings, bank buildings, urban streets, rivers, bridges, urban commercial complexes, star rated hotels, and other areas.<\/p>","protected":false},"excerpt":{"rendered":"<p>\u2014 La source lumineuse ponctuelle classique de la s\u00e9rie H, le XH-H5012 de Xinhe Optoelectronics, est fabriqu\u00e9e \u00e0 partir de perles de lampe import\u00e9es et de fils de cuivre de haute qualit\u00e9, offrant une excellente r\u00e9sistance \u00e0 l&#039;oxydation et une excellente conductivit\u00e9 \u00e9lectrique. Son encapsulation int\u00e9gr\u00e9e est \u00e9tanche IP67\u00a0; son couvercle micro-convexe est autonettoyant\u00a0; ses perles de lampe sont lumineuses et stables\u00a0; sa transparence, son blanc laiteux et son couvercle grillag\u00e9 en option, entre autres avantages, en font une source lumineuse de haute qualit\u00e9 pour les enseignes publicitaires de grande et moyenne taille.<br \/>\nNum\u00e9ro de brevet du mod\u00e8le d&#039;utilit\u00e9 : ZL201520642192.6. Largement utilis\u00e9 dans les b\u00e2timents commerciaux et r\u00e9sidentiels, les b\u00e2timents municipaux, les b\u00e2timents bancaires, les rues urbaines, les rivi\u00e8res, les ponts, les complexes commerciaux urbains, les h\u00f4tels \u00e9toil\u00e9s et autres contours de b\u00e2timents uniques, ou les \u00e9crans d&#039;affichage multim\u00e9dia de liaison multi-b\u00e2timents.<\/p>","protected":false},"featured_media":4000,"comment_status":"open","ping_status":"closed","template":"","meta":{"_acf_changed":false},"product_cat":[42],"product_tag":[],"class_list":["post-3999","product","type-product","status-publish","has-post-thumbnail","hentry","product_cat-classic-h-series-point-light-source"],"acf":[],"_links":{"self":[{"href":"https:\/\/www.ledpointlight.com\/fr\/wp-json\/wp\/v2\/product\/3999","targetHints":{"allow":["GET"]}}],"collection":[{"href":"https:\/\/www.ledpointlight.com\/fr\/wp-json\/wp\/v2\/product"}],"about":[{"href":"https:\/\/www.ledpointlight.com\/fr\/wp-json\/wp\/v2\/types\/product"}],"replies":[{"embeddable":true,"href":"https:\/\/www.ledpointlight.com\/fr\/wp-json\/wp\/v2\/comments?post=3999"}],"wp:featuredmedia":[{"embeddable":true,"href":"https:\/\/www.ledpointlight.com\/fr\/wp-json\/wp\/v2\/media\/4000"}],"wp:attachment":[{"href":"https:\/\/www.ledpointlight.com\/fr\/wp-json\/wp\/v2\/media?parent=3999"}],"wp:term":[{"taxonomy":"product_cat","embeddable":true,"href":"https:\/\/www.ledpointlight.com\/fr\/wp-json\/wp\/v2\/product_cat?post=3999"},{"taxonomy":"product_tag","embeddable":true,"href":"https:\/\/www.ledpointlight.com\/fr\/wp-json\/wp\/v2\/product_tag?post=3999"}],"curies":[{"name":"wp","href":"https:\/\/api.w.org\/{rel}","templated":true}]}}