{"id":4005,"date":"2024-10-24T16:29:51","date_gmt":"2024-10-24T08:29:51","guid":{"rendered":"https:\/\/www.ledpointlight.com\/?post_type=product&#038;p=4005"},"modified":"2024-11-20T11:47:39","modified_gmt":"2024-11-20T03:47:39","slug":"miracle-bean-led-point-light-outdoor-and-indoor-programmable-smart-pixel-light","status":"publish","type":"product","link":"https:\/\/www.ledpointlight.com\/fr\/product\/miracle-bean-led-point-light-outdoor-and-indoor-programmable-smart-pixel-light\/","title":{"rendered":"Miracle bean LED Point Light Ext\u00e9rieur et Int\u00e9rieur Programmable Smart Pixel Light"},"content":{"rendered":"<p>The XH-H5010 point light source of Xinhe Optoelectronics&#8217; classic H series is the preferred point light source for large and medium-sized engineering level night lighting. It has the advantages of glue protection IP67, flame retardant PC anti UV, special face mask design top buckle micro convex cover self-cleaning, high brightness stable light beads, durability, etc. Its installation methods include steel wire base, adhesive installation, and other quick installation methods. Transparent, milky white, and grid surface covers can be freely selected and matched. It has a wide range of application scenarios in the contour display of single buildings such as commercial and residential buildings, municipal buildings, bank buildings, urban streets, rivers, bridges, urban commercial complexes, star rated hotels, as well as multi building linkage media display screens.<\/p>","protected":false},"excerpt":{"rendered":"<p>La source lumineuse ponctuelle photo\u00e9lectrique Xinhe s\u00e9rie H classique (XH-H5010) est fabriqu\u00e9e en polycarbonate Bayer d&#039;Allemagne, un mat\u00e9riau durable et \u00e9tanche IP67. Son couvercle micro-convexe est autonettoyant\u00a0; ses ampoules sont lumineuses et stables\u00a0; il est possible de choisir entre des masques transparents, blanc laiteux et divers masques avec grille. C&#039;est une source lumineuse ponctuelle de haute qualit\u00e9 pour les enseignes publicitaires de grande et moyenne taille.<br \/>\nLargement utilis\u00e9 dans les b\u00e2timents commerciaux et r\u00e9sidentiels, les b\u00e2timents municipaux, les b\u00e2timents bancaires, les rues urbaines, les rivi\u00e8res, les ponts, les complexes commerciaux urbains, les h\u00f4tels \u00e9toil\u00e9s et autres contours de b\u00e2timents uniques, ou les \u00e9crans d&#039;affichage multim\u00e9dia de liaison multi-b\u00e2timents.<\/p>","protected":false},"featured_media":4006,"comment_status":"open","ping_status":"closed","template":"","meta":{"_acf_changed":false},"product_cat":[42],"product_tag":[],"class_list":["post-4005","product","type-product","status-publish","has-post-thumbnail","hentry","product_cat-classic-h-series-point-light-source"],"acf":[],"_links":{"self":[{"href":"https:\/\/www.ledpointlight.com\/fr\/wp-json\/wp\/v2\/product\/4005","targetHints":{"allow":["GET"]}}],"collection":[{"href":"https:\/\/www.ledpointlight.com\/fr\/wp-json\/wp\/v2\/product"}],"about":[{"href":"https:\/\/www.ledpointlight.com\/fr\/wp-json\/wp\/v2\/types\/product"}],"replies":[{"embeddable":true,"href":"https:\/\/www.ledpointlight.com\/fr\/wp-json\/wp\/v2\/comments?post=4005"}],"wp:featuredmedia":[{"embeddable":true,"href":"https:\/\/www.ledpointlight.com\/fr\/wp-json\/wp\/v2\/media\/4006"}],"wp:attachment":[{"href":"https:\/\/www.ledpointlight.com\/fr\/wp-json\/wp\/v2\/media?parent=4005"}],"wp:term":[{"taxonomy":"product_cat","embeddable":true,"href":"https:\/\/www.ledpointlight.com\/fr\/wp-json\/wp\/v2\/product_cat?post=4005"},{"taxonomy":"product_tag","embeddable":true,"href":"https:\/\/www.ledpointlight.com\/fr\/wp-json\/wp\/v2\/product_tag?post=4005"}],"curies":[{"name":"wp","href":"https:\/\/api.w.org\/{rel}","templated":true}]}}