{"id":4011,"date":"2024-10-24T16:33:36","date_gmt":"2024-10-24T08:33:36","guid":{"rendered":"https:\/\/www.ledpointlight.com\/?post_type=product&#038;p=4011"},"modified":"2024-11-20T16:51:56","modified_gmt":"2024-11-20T08:51:56","slug":"miracle-bean-led-point-light-high-brightness-50mm-24v-led-for-outdoor-decoration","status":"publish","type":"product","link":"https:\/\/www.ledpointlight.com\/fr\/product\/miracle-bean-led-point-light-high-brightness-50mm-24v-led-for-outdoor-decoration\/","title":{"rendered":"Spot lumineux LED Miracle Bean haute luminosit\u00e9 50 mm 24 V pour d\u00e9coration ext\u00e9rieure"},"content":{"rendered":"<p>XH-H5006 point light source is the preferred point light source for large and medium-sized engineering level night lighting in the classic H series of Xinhe Optoelectronics. It has the advantages of glue protection IP67, flame retardant PC anti UV, special face mask design with top buckle micro convex cover self-cleaning, and high brightness stable light beads. The installation methods include steel wire base, adhesive installation, and other quick forms. The cover has transparent, milky white, and grid options for free selection. It has a wide range of applications in contour display of single buildings such as commercial and residential buildings, municipal buildings, bank buildings, urban streets, rivers, bridges, urban commercial complexes, star rated hotels, and multi building linkage media display screens.<\/p>","protected":false},"excerpt":{"rendered":"<p>Xinhe photoelectric classic H series point light source-\u2014XH-H5006 adopts integral potting waterproof IP67\uff1b; Self-cleaning of top button micro-convex cover; Bright and stable lamp beads; Transparent, milky white, grid cover optional and other advantages, is a high-quality light source for large and medium-sized advertising signs.<br \/>\nLargement utilis\u00e9 dans les b\u00e2timents commerciaux et r\u00e9sidentiels, les b\u00e2timents municipaux, les b\u00e2timents bancaires, les rues urbaines, les rivi\u00e8res, les ponts, les complexes commerciaux urbains, les h\u00f4tels \u00e9toil\u00e9s et autres contours de b\u00e2timents uniques, ou les \u00e9crans d&#039;affichage multim\u00e9dia de liaison multi-b\u00e2timents.<\/p>","protected":false},"featured_media":4012,"comment_status":"open","ping_status":"closed","template":"","meta":{"_acf_changed":false},"product_cat":[42],"product_tag":[],"class_list":["post-4011","product","type-product","status-publish","has-post-thumbnail","hentry","product_cat-classic-h-series-point-light-source"],"acf":[],"_links":{"self":[{"href":"https:\/\/www.ledpointlight.com\/fr\/wp-json\/wp\/v2\/product\/4011","targetHints":{"allow":["GET"]}}],"collection":[{"href":"https:\/\/www.ledpointlight.com\/fr\/wp-json\/wp\/v2\/product"}],"about":[{"href":"https:\/\/www.ledpointlight.com\/fr\/wp-json\/wp\/v2\/types\/product"}],"replies":[{"embeddable":true,"href":"https:\/\/www.ledpointlight.com\/fr\/wp-json\/wp\/v2\/comments?post=4011"}],"wp:featuredmedia":[{"embeddable":true,"href":"https:\/\/www.ledpointlight.com\/fr\/wp-json\/wp\/v2\/media\/4012"}],"wp:attachment":[{"href":"https:\/\/www.ledpointlight.com\/fr\/wp-json\/wp\/v2\/media?parent=4011"}],"wp:term":[{"taxonomy":"product_cat","embeddable":true,"href":"https:\/\/www.ledpointlight.com\/fr\/wp-json\/wp\/v2\/product_cat?post=4011"},{"taxonomy":"product_tag","embeddable":true,"href":"https:\/\/www.ledpointlight.com\/fr\/wp-json\/wp\/v2\/product_tag?post=4011"}],"curies":[{"name":"wp","href":"https:\/\/api.w.org\/{rel}","templated":true}]}}