{"id":4023,"date":"2024-10-25T10:37:48","date_gmt":"2024-10-25T02:37:48","guid":{"rendered":"https:\/\/www.ledpointlight.com\/?post_type=product&#038;p=4023"},"modified":"2024-12-20T09:35:00","modified_gmt":"2024-12-20T01:35:00","slug":"miracle-bean-led-point-light-waterproof-addressable-smd3535-dc24v-single-color-50mm-led-point-light","status":"publish","type":"product","link":"https:\/\/www.ledpointlight.com\/fr\/product\/miracle-bean-led-point-light-waterproof-addressable-smd3535-dc24v-single-color-50mm-led-point-light\/","title":{"rendered":"Projecteur LED K5012 Miracle Bean \u00e9tanche et adressable SMD3535 monochrome, 50 mm, 24 V CC"},"content":{"rendered":"<p>The XH-K5012 point light source series of Xinhe Optoelectronics Honor has demonstrated excellent performance in many aspects. It is equipped with high brightness and stable light beads, which makes its light color extremely pure and can create high-quality lighting effects. Its high-quality PC material not only has flame retardant properties, but also will not change color for up to ten years, ensuring long-term stability and aesthetics. The unique convex cover design effectively reduces cleaning costs and makes maintenance easier. The protection level is as high as IP67, providing tight protection for the lamp, making it difficult for dust or moisture to enter. At the same time, the advantage of long power supply distance saves wiring materials, making it economical and practical. In terms of installation, there are various convenient methods such as profiles, steel wire bases, and screw installations. The face mask can also be freely matched in milky white, transparent, and grid, providing users with a rich selection and undoubtedly a high-quality choice for night lighting.<\/p>","protected":false},"excerpt":{"rendered":"<p>Source de lumi\u00e8re ponctuelle de la s\u00e9rie Xinhe Optoelectronic Glory - XH-K5012 adopte IP67, qui est totalement encapsul\u00e9 et \u00e9tanche ; Perles de lampe import\u00e9es, couleur de lumi\u00e8re pure ; Mat\u00e9riau PC Bayer d&#039;Allemagne, durable ; Conception de masque unique, autonettoyage et autres avantages, c&#039;est une source de lumi\u00e8re ponctuelle de haute qualit\u00e9 pour les projets d&#039;\u00e9clairage nocturne.<br \/>\nLargement utilis\u00e9 dans les b\u00e2timents commerciaux et r\u00e9sidentiels, les b\u00e2timents municipaux, les b\u00e2timents bancaires, les rues urbaines, les rivi\u00e8res, les ponts, les complexes commerciaux urbains, les h\u00f4tels \u00e9toil\u00e9s et autres projets de technologie haut de gamme, de science et de technologie, de protection de l&#039;environnement et d&#039;autres projets d&#039;\u00e9clairage nocturne.<\/p>","protected":false},"featured_media":4057,"comment_status":"open","ping_status":"closed","template":"","meta":{"_acf_changed":false},"product_cat":[43],"product_tag":[],"class_list":["post-4023","product","type-product","status-publish","has-post-thumbnail","hentry","product_cat-honor-k-series-point-light-source"],"acf":[],"_links":{"self":[{"href":"https:\/\/www.ledpointlight.com\/fr\/wp-json\/wp\/v2\/product\/4023","targetHints":{"allow":["GET"]}}],"collection":[{"href":"https:\/\/www.ledpointlight.com\/fr\/wp-json\/wp\/v2\/product"}],"about":[{"href":"https:\/\/www.ledpointlight.com\/fr\/wp-json\/wp\/v2\/types\/product"}],"replies":[{"embeddable":true,"href":"https:\/\/www.ledpointlight.com\/fr\/wp-json\/wp\/v2\/comments?post=4023"}],"wp:featuredmedia":[{"embeddable":true,"href":"https:\/\/www.ledpointlight.com\/fr\/wp-json\/wp\/v2\/media\/4057"}],"wp:attachment":[{"href":"https:\/\/www.ledpointlight.com\/fr\/wp-json\/wp\/v2\/media?parent=4023"}],"wp:term":[{"taxonomy":"product_cat","embeddable":true,"href":"https:\/\/www.ledpointlight.com\/fr\/wp-json\/wp\/v2\/product_cat?post=4023"},{"taxonomy":"product_tag","embeddable":true,"href":"https:\/\/www.ledpointlight.com\/fr\/wp-json\/wp\/v2\/product_tag?post=4023"}],"curies":[{"name":"wp","href":"https:\/\/api.w.org\/{rel}","templated":true}]}}