{"id":4068,"date":"2024-10-25T10:43:53","date_gmt":"2024-10-25T02:43:53","guid":{"rendered":"https:\/\/www.ledpointlight.com\/?post_type=product&#038;p=4068"},"modified":"2024-11-20T17:03:10","modified_gmt":"2024-11-20T09:03:10","slug":"miracle-bean-led-point-light-led-pixiel-light-dc24v-40mm-smd3535-dmx512-rgb-led-lights","status":"publish","type":"product","link":"https:\/\/www.ledpointlight.com\/fr\/product\/miracle-bean-led-point-light-led-pixiel-light-dc24v-40mm-smd3535-dmx512-rgb-led-lights\/","title":{"rendered":"Miracle bean LED Point Light LED pixiel light DC24V 40mm SMD3535 DMX512 RGB LED lights"},"content":{"rendered":"<p>Xinhe Optoelectronics Honor Series XH-K4006 point light source has many advantages, such as pure light color, high-quality PC material flame retardant that can maintain color for ten years, special convex cover design self-cleaning to reduce manual cleaning costs, IP67 protection, long power supply distance and less wiring to save material costs. The face mask can be freely selected in milky white, transparent, grid, and various convenient installation methods such as profiles, steel wire bases, screws, etc. It is used in commercial and residential buildings to light up the building outline, create a night scene atmosphere, and create charming night scenes in urban streets, rivers, bridges, urban commercial complexes, star rated hotels and other places to improve environmental quality. It is a high-quality choice for high-end night scene lighting.<\/p>","protected":false},"excerpt":{"rendered":"<p>Source de lumi\u00e8re ponctuelle de la s\u00e9rie Xinhe Optoelectronic Glory - XH-K4006 adopte IP67, qui est totalement encapsul\u00e9 et \u00e9tanche ; Perles de lampe import\u00e9es, couleur de lumi\u00e8re pure ; Mat\u00e9riau PC Bayer d&#039;Allemagne, durable ; Conception de masque unique, autonettoyage et autres avantages, c&#039;est une source de lumi\u00e8re ponctuelle de haute qualit\u00e9 pour les projets d&#039;\u00e9clairage nocturne.<br \/>\nLargement utilis\u00e9 dans les b\u00e2timents commerciaux et r\u00e9sidentiels, les b\u00e2timents municipaux, les b\u00e2timents bancaires, les rues urbaines, les rivi\u00e8res, les ponts, les complexes commerciaux urbains, les h\u00f4tels \u00e9toil\u00e9s et autres projets de technologie haut de gamme, de science et de technologie, de protection de l&#039;environnement et d&#039;autres projets d&#039;\u00e9clairage nocturne.<\/p>","protected":false},"featured_media":4069,"comment_status":"open","ping_status":"closed","template":"","meta":{"_acf_changed":false},"product_cat":[43],"product_tag":[],"class_list":["post-4068","product","type-product","status-publish","has-post-thumbnail","hentry","product_cat-honor-k-series-point-light-source"],"acf":[],"_links":{"self":[{"href":"https:\/\/www.ledpointlight.com\/fr\/wp-json\/wp\/v2\/product\/4068","targetHints":{"allow":["GET"]}}],"collection":[{"href":"https:\/\/www.ledpointlight.com\/fr\/wp-json\/wp\/v2\/product"}],"about":[{"href":"https:\/\/www.ledpointlight.com\/fr\/wp-json\/wp\/v2\/types\/product"}],"replies":[{"embeddable":true,"href":"https:\/\/www.ledpointlight.com\/fr\/wp-json\/wp\/v2\/comments?post=4068"}],"wp:featuredmedia":[{"embeddable":true,"href":"https:\/\/www.ledpointlight.com\/fr\/wp-json\/wp\/v2\/media\/4069"}],"wp:attachment":[{"href":"https:\/\/www.ledpointlight.com\/fr\/wp-json\/wp\/v2\/media?parent=4068"}],"wp:term":[{"taxonomy":"product_cat","embeddable":true,"href":"https:\/\/www.ledpointlight.com\/fr\/wp-json\/wp\/v2\/product_cat?post=4068"},{"taxonomy":"product_tag","embeddable":true,"href":"https:\/\/www.ledpointlight.com\/fr\/wp-json\/wp\/v2\/product_tag?post=4068"}],"curies":[{"name":"wp","href":"https:\/\/api.w.org\/{rel}","templated":true}]}}