{"id":4086,"date":"2024-10-25T11:04:22","date_gmt":"2024-10-25T03:04:22","guid":{"rendered":"https:\/\/www.ledpointlight.com\/?post_type=product&#038;p=4086"},"modified":"2024-11-20T17:09:41","modified_gmt":"2024-11-20T09:09:41","slug":"miracle-bean-24v-zseries-smd5050-rgb-indoor-and-outdoor-decorative-point-light-source","status":"publish","type":"product","link":"https:\/\/www.ledpointlight.com\/fr\/product\/miracle-bean-24v-zseries-smd5050-rgb-indoor-and-outdoor-decorative-point-light-source\/","title":{"rendered":"Source lumineuse d\u00e9corative ponctuelle int\u00e9rieure et ext\u00e9rieure Miracle Bean 24 V ZSeries SMD5050 RGB"},"content":{"rendered":"<p>The XH-Z5006 point light source series from Xinhe Optoelectronics has outstanding performance. Its bright and stable light beads bring pure light color, like the dazzling stars in the night sky. High quality PC is flame retardant and can maintain color for ten years, which is a durable guarantee. The flexible cable design greatly facilitates installation work. The high protection level of IP67 enables it to adapt to various complex environments. It is also durable, with convenient and diverse installation methods such as profiles, screws, and perforations. It performs excellently in the contour lighting of single buildings such as commercial and residential buildings and municipal buildings, and is also considered first-class in the application of multi building linkage and advertising signage luminous characters, making it a cost-effective light source.<\/p>","protected":false},"excerpt":{"rendered":"<p>Source de lumi\u00e8re ponctuelle de luxe simple photo\u00e9lectrique Xinhe - XH-Z5006 adopte un enrobage int\u00e9gral \u00e9tanche IP67 ; Le PC ignifuge est r\u00e9sistant aux UV ; C\u00e2ble plat flexible ; Petit et facile \u00e0 installer.<br \/>\nLargement utilis\u00e9 dans les b\u00e2timents commerciaux et r\u00e9sidentiels, les b\u00e2timents municipaux, les b\u00e2timents bancaires, les rues urbaines, les rivi\u00e8res, les ponts, les complexes commerciaux urbains, les h\u00f4tels \u00e9toil\u00e9s et autres contours de b\u00e2timents uniques, ou les \u00e9crans d&#039;affichage multim\u00e9dia de liaison multi-b\u00e2timents ; une source de lumi\u00e8re rentable pour les panneaux publicitaires de grande et moyenne taille.<\/p>","protected":false},"featured_media":4087,"comment_status":"open","ping_status":"closed","template":"","meta":{"_acf_changed":false},"product_cat":[44],"product_tag":[],"class_list":["post-4086","product","type-product","status-publish","has-post-thumbnail","hentry","product_cat-jian-she-z-series-point-light-source"],"acf":[],"_links":{"self":[{"href":"https:\/\/www.ledpointlight.com\/fr\/wp-json\/wp\/v2\/product\/4086","targetHints":{"allow":["GET"]}}],"collection":[{"href":"https:\/\/www.ledpointlight.com\/fr\/wp-json\/wp\/v2\/product"}],"about":[{"href":"https:\/\/www.ledpointlight.com\/fr\/wp-json\/wp\/v2\/types\/product"}],"replies":[{"embeddable":true,"href":"https:\/\/www.ledpointlight.com\/fr\/wp-json\/wp\/v2\/comments?post=4086"}],"wp:featuredmedia":[{"embeddable":true,"href":"https:\/\/www.ledpointlight.com\/fr\/wp-json\/wp\/v2\/media\/4087"}],"wp:attachment":[{"href":"https:\/\/www.ledpointlight.com\/fr\/wp-json\/wp\/v2\/media?parent=4086"}],"wp:term":[{"taxonomy":"product_cat","embeddable":true,"href":"https:\/\/www.ledpointlight.com\/fr\/wp-json\/wp\/v2\/product_cat?post=4086"},{"taxonomy":"product_tag","embeddable":true,"href":"https:\/\/www.ledpointlight.com\/fr\/wp-json\/wp\/v2\/product_tag?post=4086"}],"curies":[{"name":"wp","href":"https:\/\/api.w.org\/{rel}","templated":true}]}}