{"id":4098,"date":"2024-10-25T11:09:27","date_gmt":"2024-10-25T03:09:27","guid":{"rendered":"https:\/\/www.ledpointlight.com\/?post_type=product&#038;p=4098"},"modified":"2024-11-20T17:06:57","modified_gmt":"2024-11-20T09:06:57","slug":"miracle-bean-pixel-led-light-rgb-outdoor-12vled-permanent-christmas-light","status":"publish","type":"product","link":"https:\/\/www.ledpointlight.com\/fr\/product\/miracle-bean-pixel-led-light-rgb-outdoor-12vled-permanent-christmas-light\/","title":{"rendered":"Lumi\u00e8re LED Pixel Miracle Bean RGB 12 V pour ext\u00e9rieur, \u00e9clairage de No\u00ebl permanent"},"content":{"rendered":"<p>The XH-Z3003 point light source from Xinhe Optoelectronics Simple Luxury Series features high brightness and stable light beads for pure light color, high-quality PC flame retardant that does not change color for ten years, flexible cable design for easy installation, and a protection level of up to IP67. It is durable and suitable for various installation environments. It is widely used for lighting the contours of single buildings such as commercial and residential buildings, municipal buildings, bank buildings, urban streets, rivers, bridges, urban commercial complexes, star rated hotels, and is also suitable for multi building linked media display screens and large and medium-sized advertising signs with luminous characters. It is undoubtedly a cost-effective light source.<\/p>","protected":false},"excerpt":{"rendered":"<p>Source de lumi\u00e8re ponctuelle de la s\u00e9rie de luxe simple photo\u00e9lectrique Xinhe - XH-Z3003 adopte un enrobage int\u00e9gral \u00e9tanche IP67 ; Le PC ignifuge est r\u00e9sistant aux UV ; C\u00e2ble plat flexible ; Petit et facile \u00e0 installer.<br \/>\nLargement utilis\u00e9 dans les b\u00e2timents commerciaux et r\u00e9sidentiels, les b\u00e2timents municipaux, les b\u00e2timents bancaires, les rues urbaines, les rivi\u00e8res, les ponts, les complexes commerciaux urbains, les h\u00f4tels \u00e9toil\u00e9s et autres contours de b\u00e2timents uniques, ou les \u00e9crans d&#039;affichage multim\u00e9dia de liaison multi-b\u00e2timents ; une source de lumi\u00e8re rentable pour les panneaux publicitaires de grande et moyenne taille.<\/p>","protected":false},"featured_media":4099,"comment_status":"open","ping_status":"closed","template":"","meta":{"_acf_changed":false},"product_cat":[44],"product_tag":[],"class_list":["post-4098","product","type-product","status-publish","has-post-thumbnail","hentry","product_cat-jian-she-z-series-point-light-source"],"acf":[],"_links":{"self":[{"href":"https:\/\/www.ledpointlight.com\/fr\/wp-json\/wp\/v2\/product\/4098","targetHints":{"allow":["GET"]}}],"collection":[{"href":"https:\/\/www.ledpointlight.com\/fr\/wp-json\/wp\/v2\/product"}],"about":[{"href":"https:\/\/www.ledpointlight.com\/fr\/wp-json\/wp\/v2\/types\/product"}],"replies":[{"embeddable":true,"href":"https:\/\/www.ledpointlight.com\/fr\/wp-json\/wp\/v2\/comments?post=4098"}],"wp:featuredmedia":[{"embeddable":true,"href":"https:\/\/www.ledpointlight.com\/fr\/wp-json\/wp\/v2\/media\/4099"}],"wp:attachment":[{"href":"https:\/\/www.ledpointlight.com\/fr\/wp-json\/wp\/v2\/media?parent=4098"}],"wp:term":[{"taxonomy":"product_cat","embeddable":true,"href":"https:\/\/www.ledpointlight.com\/fr\/wp-json\/wp\/v2\/product_cat?post=4098"},{"taxonomy":"product_tag","embeddable":true,"href":"https:\/\/www.ledpointlight.com\/fr\/wp-json\/wp\/v2\/product_tag?post=4098"}],"curies":[{"name":"wp","href":"https:\/\/api.w.org\/{rel}","templated":true}]}}