{"id":4110,"date":"2024-10-25T14:14:49","date_gmt":"2024-10-25T06:14:49","guid":{"rendered":"https:\/\/www.ledpointlight.com\/?post_type=product&#038;p=4110"},"modified":"2024-12-20T09:36:54","modified_gmt":"2024-12-20T01:36:54","slug":"giant-screen-display-expert-xh-star-h2503-miracle-bean-led-grid-screen-star-h2503","status":"publish","type":"product","link":"https:\/\/www.ledpointlight.com\/fr\/product\/giant-screen-display-expert-xh-star-h2503-miracle-bean-led-grid-screen-star-h2503\/","title":{"rendered":"Expert en \u00e9crans g\u00e9ants\u00a0: \u00e9cran LED XH-star H2503 Miracle Bean"},"content":{"rendered":"<p>As an expert in giant screen displays, Xinhe Optoelectronics XH-Stellar H2503 has unique advantages. The transparent design gives it high transparency, good heat dissipation performance enables it to adapt to long-term operation, and the protection level IP67 ensures its stability in harsh environments. Its exclusive patent endows it with unique value, and multiple density options can be flexibly adjusted according to actual situations. The installation method of pin splicing and steel wire fixation is both convenient and secure, and the roll pack transportation mode greatly improves transportation efficiency. Widely used in the production of large area building solid walls, steel structures, glass curtain walls, flat or curved display screens both indoors and outdoors, it also performs excellently in display media such as cultural and tourism promotion, commercial advertising, and city business card promotion.<\/p>","protected":false},"excerpt":{"rendered":"<p>Le Xinhe Optoelectronic XH-star H2503 b\u00e9n\u00e9ficie d&#039;un brevet exclusif, d&#039;une densit\u00e9 variable, d&#039;une fixation par fil d&#039;acier par boulonnage, d&#039;une installation simple et rapide, d&#039;une transparence optimale, d&#039;une modularit\u00e9 optimale, d&#039;un poids l\u00e9ger et d&#039;un indice de protection IP67 contre la dissipation thermique. Il est couramment utilis\u00e9 pour la fabrication de luminaires pour murs pleins, structures en acier, murs-rideaux en verre, \u00e9crans d&#039;affichage plats ou incurv\u00e9s pour grands b\u00e2timents int\u00e9rieurs et ext\u00e9rieurs, la promotion touristique culturelle, la publicit\u00e9 commerciale, la promotion de cartes de visite urbaines et autres supports d&#039;affichage de grande, moyenne et grande taille.<\/p>","protected":false},"featured_media":4112,"comment_status":"open","ping_status":"closed","template":"","meta":{"_acf_changed":false},"product_cat":[45],"product_tag":[],"class_list":["post-4110","product","type-product","status-publish","has-post-thumbnail","hentry","product_cat-giant-screen-grid-screen-series"],"acf":[],"_links":{"self":[{"href":"https:\/\/www.ledpointlight.com\/fr\/wp-json\/wp\/v2\/product\/4110","targetHints":{"allow":["GET"]}}],"collection":[{"href":"https:\/\/www.ledpointlight.com\/fr\/wp-json\/wp\/v2\/product"}],"about":[{"href":"https:\/\/www.ledpointlight.com\/fr\/wp-json\/wp\/v2\/types\/product"}],"replies":[{"embeddable":true,"href":"https:\/\/www.ledpointlight.com\/fr\/wp-json\/wp\/v2\/comments?post=4110"}],"wp:featuredmedia":[{"embeddable":true,"href":"https:\/\/www.ledpointlight.com\/fr\/wp-json\/wp\/v2\/media\/4112"}],"wp:attachment":[{"href":"https:\/\/www.ledpointlight.com\/fr\/wp-json\/wp\/v2\/media?parent=4110"}],"wp:term":[{"taxonomy":"product_cat","embeddable":true,"href":"https:\/\/www.ledpointlight.com\/fr\/wp-json\/wp\/v2\/product_cat?post=4110"},{"taxonomy":"product_tag","embeddable":true,"href":"https:\/\/www.ledpointlight.com\/fr\/wp-json\/wp\/v2\/product_tag?post=4110"}],"curies":[{"name":"wp","href":"https:\/\/api.w.org\/{rel}","templated":true}]}}