{"id":4117,"date":"2024-10-25T14:17:59","date_gmt":"2024-10-25T06:17:59","guid":{"rendered":"https:\/\/www.ledpointlight.com\/?post_type=product&#038;p=4117"},"modified":"2024-12-20T09:38:02","modified_gmt":"2024-12-20T01:38:02","slug":"giant-screen-display-expert-xh-star-h2502-miracle-bean-led-grid-screen-star-h2502","status":"publish","type":"product","link":"https:\/\/www.ledpointlight.com\/fr\/product\/giant-screen-display-expert-xh-star-h2502-miracle-bean-led-grid-screen-star-h2502\/","title":{"rendered":"Led mesh screen &#8211; XH-WGP-H2502 The hottest electronic product ideal for advertising, entertainment, with high-definition Display, leading visual tech trends"},"content":{"rendered":"<p>Xinhe Optoelectronics XH &#8211; Stellar H2502 is a product that performs well in the field of giant screen displays. The transparent design gives it excellent transparency, good heat dissipation performance allows it to easily cope with long-term workloads, and the IP67 protection level makes it rock solid and stable in harsh environments. Its exclusive patent has unique value, and multiple density options can be flexibly adjusted according to actual needs. The installation method of pin splicing and steel wire fixation is simple and firm, and the roll pack transportation mode greatly improves transportation efficiency. It is widely used in display media such as building display screen production and cultural tourism promotion.<\/p>","protected":false},"excerpt":{"rendered":"<p>Le Xinhe Optoelectronic XH-star H2502 b\u00e9n\u00e9ficie d&#039;un brevet exclusif, d&#039;une densit\u00e9 variable, d&#039;une fixation par fil d&#039;acier par boulonnage, d&#039;une installation simple et rapide, d&#039;une transparence optimale, d&#039;une modularit\u00e9 optimale, d&#039;un poids l\u00e9ger et d&#039;un indice de protection IP67 contre la dissipation thermique. Il est couramment utilis\u00e9 pour la fabrication de luminaires pour murs pleins, structures en acier, murs-rideaux en verre, \u00e9crans d&#039;affichage plats ou incurv\u00e9s pour grands b\u00e2timents int\u00e9rieurs et ext\u00e9rieurs, la promotion du tourisme culturel, la publicit\u00e9 commerciale, la promotion de cartes de visite urbaines et autres supports d&#039;affichage de grande, moyenne et grande taille.<\/p>","protected":false},"featured_media":4118,"comment_status":"open","ping_status":"closed","template":"","meta":{"_acf_changed":false},"product_cat":[45],"product_tag":[],"class_list":["post-4117","product","type-product","status-publish","has-post-thumbnail","hentry","product_cat-giant-screen-grid-screen-series"],"acf":[],"_links":{"self":[{"href":"https:\/\/www.ledpointlight.com\/fr\/wp-json\/wp\/v2\/product\/4117","targetHints":{"allow":["GET"]}}],"collection":[{"href":"https:\/\/www.ledpointlight.com\/fr\/wp-json\/wp\/v2\/product"}],"about":[{"href":"https:\/\/www.ledpointlight.com\/fr\/wp-json\/wp\/v2\/types\/product"}],"replies":[{"embeddable":true,"href":"https:\/\/www.ledpointlight.com\/fr\/wp-json\/wp\/v2\/comments?post=4117"}],"wp:featuredmedia":[{"embeddable":true,"href":"https:\/\/www.ledpointlight.com\/fr\/wp-json\/wp\/v2\/media\/4118"}],"wp:attachment":[{"href":"https:\/\/www.ledpointlight.com\/fr\/wp-json\/wp\/v2\/media?parent=4117"}],"wp:term":[{"taxonomy":"product_cat","embeddable":true,"href":"https:\/\/www.ledpointlight.com\/fr\/wp-json\/wp\/v2\/product_cat?post=4117"},{"taxonomy":"product_tag","embeddable":true,"href":"https:\/\/www.ledpointlight.com\/fr\/wp-json\/wp\/v2\/product_tag?post=4117"}],"curies":[{"name":"wp","href":"https:\/\/api.w.org\/{rel}","templated":true}]}}