{"id":4123,"date":"2024-10-25T14:20:25","date_gmt":"2024-10-25T06:20:25","guid":{"rendered":"https:\/\/www.ledpointlight.com\/?post_type=product&#038;p=4123"},"modified":"2024-12-20T09:39:03","modified_gmt":"2024-12-20T01:39:03","slug":"giant-screen-display-expert-xh-star-h2501-miracle-bean-led-grid-screen-star-h2501","status":"publish","type":"product","link":"https:\/\/www.ledpointlight.com\/fr\/product\/giant-screen-display-expert-xh-star-h2501-miracle-bean-led-grid-screen-star-h2501\/","title":{"rendered":"\u00c9cran en maille LED-XH-WGP-H2501 Haute qualit\u00e9 am\u00e9lior\u00e9e innovante parfaite pour la d\u00e9coration ext\u00e9rieure et int\u00e9rieure ou la publicit\u00e9"},"content":{"rendered":"<p>As a key product in the field of giant screen display, Xinhe Optoelectronics XH-Xingxing H2501 has unique advantages. The transparent design brings high transparency, good heat dissipation performance, and can work continuously and stably in both high temperature and humid environments. The protection level IP67 is its stable guarantee, and it can operate normally even in harsh environments. Exclusive patents make it unique, with multiple density options available for on-demand blending. Pin splicing and steel wire fixation are convenient to install, and roll packaging transportation is efficient. They are widely used in the production of building walls, glass curtain wall display screens, cultural and tourism promotion, commercial advertising and other display media.<\/p>","protected":false},"excerpt":{"rendered":"<p>Le Xinhe Optoelectronic XH-star H2501 b\u00e9n\u00e9ficie d&#039;un brevet exclusif, d&#039;une densit\u00e9 variable, d&#039;une fixation par fil d&#039;acier par boulonnage, d&#039;une installation simple et rapide, d&#039;une transparence optimale, d&#039;une modularit\u00e9 optimale, d&#039;un poids l\u00e9ger et d&#039;un indice de protection IP67 contre la dissipation thermique. Il est couramment utilis\u00e9 pour la fabrication de luminaires pour murs pleins, structures en acier, murs-rideaux en verre, \u00e9crans d&#039;affichage plats ou incurv\u00e9s pour grands b\u00e2timents int\u00e9rieurs et ext\u00e9rieurs, la promotion touristique culturelle, la publicit\u00e9 commerciale, la promotion de cartes de visite urbaines et autres supports d&#039;affichage de grande, moyenne et grande taille.<\/p>","protected":false},"featured_media":4124,"comment_status":"open","ping_status":"closed","template":"","meta":{"_acf_changed":false},"product_cat":[45],"product_tag":[],"class_list":["post-4123","product","type-product","status-publish","has-post-thumbnail","hentry","product_cat-giant-screen-grid-screen-series"],"acf":[],"_links":{"self":[{"href":"https:\/\/www.ledpointlight.com\/fr\/wp-json\/wp\/v2\/product\/4123","targetHints":{"allow":["GET"]}}],"collection":[{"href":"https:\/\/www.ledpointlight.com\/fr\/wp-json\/wp\/v2\/product"}],"about":[{"href":"https:\/\/www.ledpointlight.com\/fr\/wp-json\/wp\/v2\/types\/product"}],"replies":[{"embeddable":true,"href":"https:\/\/www.ledpointlight.com\/fr\/wp-json\/wp\/v2\/comments?post=4123"}],"wp:featuredmedia":[{"embeddable":true,"href":"https:\/\/www.ledpointlight.com\/fr\/wp-json\/wp\/v2\/media\/4124"}],"wp:attachment":[{"href":"https:\/\/www.ledpointlight.com\/fr\/wp-json\/wp\/v2\/media?parent=4123"}],"wp:term":[{"taxonomy":"product_cat","embeddable":true,"href":"https:\/\/www.ledpointlight.com\/fr\/wp-json\/wp\/v2\/product_cat?post=4123"},{"taxonomy":"product_tag","embeddable":true,"href":"https:\/\/www.ledpointlight.com\/fr\/wp-json\/wp\/v2\/product_tag?post=4123"}],"curies":[{"name":"wp","href":"https:\/\/api.w.org\/{rel}","templated":true}]}}