{"id":4129,"date":"2024-10-25T14:23:17","date_gmt":"2024-10-25T06:23:17","guid":{"rendered":"https:\/\/www.ledpointlight.com\/?post_type=product&#038;p=4129"},"modified":"2024-12-20T09:39:58","modified_gmt":"2024-12-20T01:39:58","slug":"giant-screen-display-expert-xh-star-k30-miracle-bean-led-grid-screen-star-k30","status":"publish","type":"product","link":"https:\/\/www.ledpointlight.com\/fr\/product\/giant-screen-display-expert-xh-star-k30-miracle-bean-led-grid-screen-star-k30\/","title":{"rendered":"\u00c9cran en maille LED-XH-WGP-K3003 Produit d&#039;\u00e9clairage ext\u00e9rieur tr\u00e8s populaire, id\u00e9al pour une utilisation commerciale, des \u00e9v\u00e9nements, avec des fonctionnalit\u00e9s avanc\u00e9es, am\u00e9liorant la communication visuelle"},"content":{"rendered":"<p>XH Stellar K3003, a giant screen display expert from Xinhe Optoelectronics, is a highly innovative grid screen. Its transparent design is a major highlight, with high transparency and effective heat dissipation. The protection level reaches IP67, providing excellent protection for the lighting fixtures. And it has exclusive patents and multiple densities to choose from, which can meet the needs of different scenarios. The method of pin splicing and wire fixation makes installation easy, and the transportation of rolled packages is also convenient and fast. It is commonly used for the production of large and medium-sized display screens for indoor and outdoor building solid walls, steel structures, glass curtain walls, flat or curved displays. Whether it is cultural and tourism promotion, commercial advertising, or city business card promotion, it can play an important role in various large and medium-sized display media.<\/p>","protected":false},"excerpt":{"rendered":"<p>Le projecteur opto\u00e9lectronique Xinhe XH-star K30 b\u00e9n\u00e9ficie d&#039;un brevet exclusif, d&#039;une densit\u00e9 variable, d&#039;une fixation par fil d&#039;acier par boulonnage, d&#039;une installation simple et rapide, d&#039;une transparence optimale, d&#039;une modularit\u00e9 optimale, d&#039;un poids l\u00e9ger et d&#039;un indice de protection IP67 contre la dissipation thermique. Il est couramment utilis\u00e9 pour la fabrication de luminaires pour murs pleins, structures en acier, murs-rideaux en verre, \u00e9crans d&#039;affichage plats ou incurv\u00e9s pour grands b\u00e2timents int\u00e9rieurs et ext\u00e9rieurs, la promotion touristique culturelle, la publicit\u00e9 commerciale, la promotion de cartes de visite urbaines et autres supports d&#039;affichage de grande, moyenne et grande taille.<\/p>","protected":false},"featured_media":4130,"comment_status":"open","ping_status":"closed","template":"","meta":{"_acf_changed":false},"product_cat":[45],"product_tag":[],"class_list":["post-4129","product","type-product","status-publish","has-post-thumbnail","hentry","product_cat-giant-screen-grid-screen-series"],"acf":[],"_links":{"self":[{"href":"https:\/\/www.ledpointlight.com\/fr\/wp-json\/wp\/v2\/product\/4129","targetHints":{"allow":["GET"]}}],"collection":[{"href":"https:\/\/www.ledpointlight.com\/fr\/wp-json\/wp\/v2\/product"}],"about":[{"href":"https:\/\/www.ledpointlight.com\/fr\/wp-json\/wp\/v2\/types\/product"}],"replies":[{"embeddable":true,"href":"https:\/\/www.ledpointlight.com\/fr\/wp-json\/wp\/v2\/comments?post=4129"}],"wp:featuredmedia":[{"embeddable":true,"href":"https:\/\/www.ledpointlight.com\/fr\/wp-json\/wp\/v2\/media\/4130"}],"wp:attachment":[{"href":"https:\/\/www.ledpointlight.com\/fr\/wp-json\/wp\/v2\/media?parent=4129"}],"wp:term":[{"taxonomy":"product_cat","embeddable":true,"href":"https:\/\/www.ledpointlight.com\/fr\/wp-json\/wp\/v2\/product_cat?post=4129"},{"taxonomy":"product_tag","embeddable":true,"href":"https:\/\/www.ledpointlight.com\/fr\/wp-json\/wp\/v2\/product_tag?post=4129"}],"curies":[{"name":"wp","href":"https:\/\/api.w.org\/{rel}","templated":true}]}}