{"id":4135,"date":"2024-10-25T14:25:42","date_gmt":"2024-10-25T06:25:42","guid":{"rendered":"https:\/\/www.ledpointlight.com\/?post_type=product&#038;p=4135"},"modified":"2024-12-20T09:40:56","modified_gmt":"2024-12-20T01:40:56","slug":"giant-screen-display-expert-xh-star-h30-series-miracle-bean-led-grid-screen-star-h30","status":"publish","type":"product","link":"https:\/\/www.ledpointlight.com\/fr\/product\/giant-screen-display-expert-xh-star-h30-series-miracle-bean-led-grid-screen-star-h30\/","title":{"rendered":"\u00c9cran \u00e0 grille LED \u2014\u2014 s\u00e9rie Star H30 Miracle Bean de mise \u00e0 niveau de protection renforc\u00e9e, r\u00e9sistance \u00e0 la corrosion"},"content":{"rendered":"<p>Xinhe Optoelectronics XH &#8211; Stellar H3003 is truly a leader in giant screen displays. Its transparent design brings high transparency, allowing heat to dissipate quickly and ensuring worry free long-term operation. The protection level IP67 builds a safe defense line and can be as stable as Mount Tai in complex and harsh environments. Exclusive patents make it unique, with multiple density options to meet diverse needs. Pin splicing and steel wire fixation are easy and stable to install, and the transportation of rolled packages is convenient and efficient. It is widely used in the production of indoor and outdoor building related display screens, commonly used in the production of lighting fixtures for large-area building solid walls, steel structures, glass curtain walls, or curved display screens; Various large, medium, and large display screen media such as cultural and tourism promotion, commercial advertising, and city business card promotion.<\/p>","protected":false},"excerpt":{"rendered":"<p>La s\u00e9rie XH-star H30 de Xinhe Optoelectronic pr\u00e9sente les avantages suivants\u00a0: brevet exclusif, densit\u00e9 variable, fixation par fil d&#039;acier par boulonnage, installation simple et rapide, transparence, modularit\u00e9, l\u00e9g\u00e8ret\u00e9 et indice de protection IP67 contre l&#039;auto-dissipation thermique. Elle est couramment utilis\u00e9e pour la fabrication de luminaires pour murs pleins, structures en acier, murs-rideaux en verre, \u00e9crans d&#039;affichage plats ou incurv\u00e9s pour grands b\u00e2timents int\u00e9rieurs et ext\u00e9rieurs, pour la promotion du tourisme culturel, la publicit\u00e9 commerciale, la promotion de cartes de visite urbaines et autres supports d&#039;affichage de grande, moyenne et grande taille.<\/p>","protected":false},"featured_media":4136,"comment_status":"open","ping_status":"closed","template":"","meta":{"_acf_changed":false},"product_cat":[45],"product_tag":[],"class_list":["post-4135","product","type-product","status-publish","has-post-thumbnail","hentry","product_cat-giant-screen-grid-screen-series"],"acf":[],"_links":{"self":[{"href":"https:\/\/www.ledpointlight.com\/fr\/wp-json\/wp\/v2\/product\/4135","targetHints":{"allow":["GET"]}}],"collection":[{"href":"https:\/\/www.ledpointlight.com\/fr\/wp-json\/wp\/v2\/product"}],"about":[{"href":"https:\/\/www.ledpointlight.com\/fr\/wp-json\/wp\/v2\/types\/product"}],"replies":[{"embeddable":true,"href":"https:\/\/www.ledpointlight.com\/fr\/wp-json\/wp\/v2\/comments?post=4135"}],"wp:featuredmedia":[{"embeddable":true,"href":"https:\/\/www.ledpointlight.com\/fr\/wp-json\/wp\/v2\/media\/4136"}],"wp:attachment":[{"href":"https:\/\/www.ledpointlight.com\/fr\/wp-json\/wp\/v2\/media?parent=4135"}],"wp:term":[{"taxonomy":"product_cat","embeddable":true,"href":"https:\/\/www.ledpointlight.com\/fr\/wp-json\/wp\/v2\/product_cat?post=4135"},{"taxonomy":"product_tag","embeddable":true,"href":"https:\/\/www.ledpointlight.com\/fr\/wp-json\/wp\/v2\/product_tag?post=4135"}],"curies":[{"name":"wp","href":"https:\/\/api.w.org\/{rel}","templated":true}]}}