{"id":4147,"date":"2024-10-25T14:33:08","date_gmt":"2024-10-25T06:33:08","guid":{"rendered":"https:\/\/www.ledpointlight.com\/?post_type=product&#038;p=4147"},"modified":"2024-12-20T09:41:41","modified_gmt":"2024-12-20T01:41:41","slug":"giant-screen-display-expert-xh-chuxing-g20-miracle-bean-led-grid-screen-chuxing-g20","status":"publish","type":"product","link":"https:\/\/www.ledpointlight.com\/fr\/product\/giant-screen-display-expert-xh-chuxing-g20-miracle-bean-led-grid-screen-chuxing-g20\/","title":{"rendered":"\u00c9cran en maille LED \u2014\u2014Apparence brevet\u00e9e G20 Miracle Bean, peut \u00eatre une installation combin\u00e9e arbitrairement"},"content":{"rendered":"<p>Xinhe Optoelectronics XH-Chuxing G2001 is a star product in the field of giant screen displays. The transparent design endows it with high transparency, excellent heat dissipation to ensure long-term operation, and IP67 protection to make it not afraid of harsh environments. Exclusive patents are its unique advantage, with multiple densities that can be flexibly adjusted. Pin splicing and steel wire fixation installation are convenient and firm, and the transportation of rolled packages is efficient and convenient. It is widely used in the production of building walls, steel structures, and glass curtain wall display screens, as well as in cultural and tourism promotion, commercial advertising, and urban business card promotion display media.<\/p>","protected":false},"excerpt":{"rendered":"<p>La s\u00e9rie Xinhe Optoelectronic XH-Chuxing G20 pr\u00e9sente les avantages d&#039;un brevet exclusif, d&#039;une densit\u00e9 optionnelle, d&#039;une fixation de fil d&#039;acier par \u00e9pissure de boulon, d&#039;une installation rapide et simple, de la transparence, de la modularisation, d&#039;un poids l\u00e9ger et d&#039;une protection contre l&#039;auto-dissipation thermique IP67. Elle est couramment utilis\u00e9e pour la fabrication de lampes pour murs solides, structures en acier, murs-rideaux en verre ou \u00e9crans d&#039;affichage incurv\u00e9s de grands b\u00e2timents int\u00e9rieurs et ext\u00e9rieurs ; Promotion du tourisme culturel, publicit\u00e9 commerciale, promotion de cartes de visite de ville et autres supports d&#039;affichage de grande, moyenne et grande taille.<\/p>","protected":false},"featured_media":4148,"comment_status":"open","ping_status":"closed","template":"","meta":{"_acf_changed":false},"product_cat":[45],"product_tag":[],"class_list":["post-4147","product","type-product","status-publish","has-post-thumbnail","hentry","product_cat-giant-screen-grid-screen-series"],"acf":[],"_links":{"self":[{"href":"https:\/\/www.ledpointlight.com\/fr\/wp-json\/wp\/v2\/product\/4147","targetHints":{"allow":["GET"]}}],"collection":[{"href":"https:\/\/www.ledpointlight.com\/fr\/wp-json\/wp\/v2\/product"}],"about":[{"href":"https:\/\/www.ledpointlight.com\/fr\/wp-json\/wp\/v2\/types\/product"}],"replies":[{"embeddable":true,"href":"https:\/\/www.ledpointlight.com\/fr\/wp-json\/wp\/v2\/comments?post=4147"}],"wp:featuredmedia":[{"embeddable":true,"href":"https:\/\/www.ledpointlight.com\/fr\/wp-json\/wp\/v2\/media\/4148"}],"wp:attachment":[{"href":"https:\/\/www.ledpointlight.com\/fr\/wp-json\/wp\/v2\/media?parent=4147"}],"wp:term":[{"taxonomy":"product_cat","embeddable":true,"href":"https:\/\/www.ledpointlight.com\/fr\/wp-json\/wp\/v2\/product_cat?post=4147"},{"taxonomy":"product_tag","embeddable":true,"href":"https:\/\/www.ledpointlight.com\/fr\/wp-json\/wp\/v2\/product_tag?post=4147"}],"curies":[{"name":"wp","href":"https:\/\/api.w.org\/{rel}","templated":true}]}}