{"id":5874,"date":"2024-11-23T10:46:32","date_gmt":"2024-11-23T02:46:32","guid":{"rendered":"https:\/\/www.ledpointlight.com\/product\/miracle-bean-led-point-light-ip67-dmx-rgb-5050-building-decorate-landscape-light-led-pixel-light-2-2\/"},"modified":"2024-12-20T09:42:41","modified_gmt":"2024-12-20T01:42:41","slug":"miracle-bean-led-point-light-ip67-dmx-rgb-5050-building-decorate-landscape-light-led-pixel-light-2-2","status":"publish","type":"product","link":"https:\/\/www.ledpointlight.com\/fr\/product\/miracle-bean-led-point-light-ip67-dmx-rgb-5050-building-decorate-landscape-light-led-pixel-light-2-2\/","title":{"rendered":"Miracle Bean \u00e9cran de treillis transparent P16 simple \u00e0 installer, adapt\u00e9 \u00e0 l&#039;affichage haut de gamme dans les centres commerciaux"},"content":{"rendered":"<p>Do you want to make your advertisement more appealing and visually impactful? LED Transparent Film Screen is your best choice! It uses flexible transparent film as the functional carrier for LED display screens, and the module thickness can be less than 2MM without the need for a frame installation. The module can be directly attached to the glass surface to complete the installation. In this way, not only does it save installation costs, but it also makes your advertisements more hidden and less noticeable, thus better meeting your advertising needs. Make your advertisements more attractive and your brand more outstanding!<\/p>\n<p>&nbsp;<\/p>","protected":false},"excerpt":{"rendered":"<p>Do you want to make your advertisement more appealing and visually impactful? LED Transparent Film Screen is your best choice! It uses flexible transparent film as the functional carrier for LED display screens, and the module thickness can be less than 2MM without the need for a frame installation. The module can be directly attached to the glass surface to complete the installation. In this way, not only does it save installation costs, but it also makes your advertisements more hidden and less noticeable, thus better meeting your advertising needs. Make your advertisements more attractive and your brand more outstanding!<\/p>","protected":false},"featured_media":5898,"comment_status":"open","ping_status":"closed","template":"","meta":{"_acf_changed":false},"product_cat":[47],"product_tag":[],"class_list":["post-5874","product","type-product","status-publish","has-post-thumbnail","hentry","product_cat-led-flexible-transparent-screen"],"acf":[],"_links":{"self":[{"href":"https:\/\/www.ledpointlight.com\/fr\/wp-json\/wp\/v2\/product\/5874","targetHints":{"allow":["GET"]}}],"collection":[{"href":"https:\/\/www.ledpointlight.com\/fr\/wp-json\/wp\/v2\/product"}],"about":[{"href":"https:\/\/www.ledpointlight.com\/fr\/wp-json\/wp\/v2\/types\/product"}],"replies":[{"embeddable":true,"href":"https:\/\/www.ledpointlight.com\/fr\/wp-json\/wp\/v2\/comments?post=5874"}],"wp:featuredmedia":[{"embeddable":true,"href":"https:\/\/www.ledpointlight.com\/fr\/wp-json\/wp\/v2\/media\/5898"}],"wp:attachment":[{"href":"https:\/\/www.ledpointlight.com\/fr\/wp-json\/wp\/v2\/media?parent=5874"}],"wp:term":[{"taxonomy":"product_cat","embeddable":true,"href":"https:\/\/www.ledpointlight.com\/fr\/wp-json\/wp\/v2\/product_cat?post=5874"},{"taxonomy":"product_tag","embeddable":true,"href":"https:\/\/www.ledpointlight.com\/fr\/wp-json\/wp\/v2\/product_tag?post=5874"}],"curies":[{"name":"wp","href":"https:\/\/api.w.org\/{rel}","templated":true}]}}