{"id":5979,"date":"2024-11-23T11:04:35","date_gmt":"2024-11-23T03:04:35","guid":{"rendered":"https:\/\/www.ledpointlight.com\/product\/miracle-bean-led-point-light-ip67-dmx-rgb-5050-building-decorate-landscape-light-led-pixel-light-2-2-2-2-2\/"},"modified":"2025-12-29T14:07:47","modified_gmt":"2025-12-29T06:07:47","slug":"transparent-background-display-stylish-and-beautiful-with-a-strong-sense-of-modernity-can-be-installed-with-straight-or-curved-film-screens","status":"publish","type":"product","link":"https:\/\/www.ledpointlight.com\/fr\/product\/transparent-background-display-stylish-and-beautiful-with-a-strong-sense-of-modernity-can-be-installed-with-straight-or-curved-film-screens\/","title":{"rendered":"Affichage d&#039;arri\u00e8re-plan transparent, \u00e9l\u00e9gant et beau, avec un fort sens de la modernit\u00e9, peut \u00eatre install\u00e9 avec des \u00e9crans de film droits ou incurv\u00e9s"},"content":{"rendered":"<p>Widely used in various scenarios such as glass curtain walls (city buildings, large shopping malls, etc.), glass display windows (street shops, car 4S stores, jewelry stores, etc.), glass guardrails (cities, cultural and tourism), transportation hubs (high-speed rail stations, airports, subway stations, etc.), enterprise exhibition halls, elevator handrails, automatic doors and windows, indoor partitions, hanging banners, etc.<\/p>\n<p>&nbsp;<\/p>","protected":false},"excerpt":{"rendered":"<p>Widely used in various scenarios such as glass curtain walls (city buildings, large shopping malls, etc.), glass display windows (street shops, car 4S stores, jewelry stores, etc.), glass guardrails (cities, cultural and tourism), transportation hubs (high-speed rail stations, airports, subway stations, etc.), enterprise exhibition halls, elevator handrails, automatic doors and windows, indoor partitions, hanging banners, etc.<\/p>","protected":false},"featured_media":6021,"comment_status":"open","ping_status":"closed","template":"","meta":{"_acf_changed":false},"product_cat":[47],"product_tag":[],"class_list":["post-5979","product","type-product","status-publish","has-post-thumbnail","hentry","product_cat-led-flexible-transparent-screen"],"acf":[],"_links":{"self":[{"href":"https:\/\/www.ledpointlight.com\/fr\/wp-json\/wp\/v2\/product\/5979","targetHints":{"allow":["GET"]}}],"collection":[{"href":"https:\/\/www.ledpointlight.com\/fr\/wp-json\/wp\/v2\/product"}],"about":[{"href":"https:\/\/www.ledpointlight.com\/fr\/wp-json\/wp\/v2\/types\/product"}],"replies":[{"embeddable":true,"href":"https:\/\/www.ledpointlight.com\/fr\/wp-json\/wp\/v2\/comments?post=5979"}],"wp:featuredmedia":[{"embeddable":true,"href":"https:\/\/www.ledpointlight.com\/fr\/wp-json\/wp\/v2\/media\/6021"}],"wp:attachment":[{"href":"https:\/\/www.ledpointlight.com\/fr\/wp-json\/wp\/v2\/media?parent=5979"}],"wp:term":[{"taxonomy":"product_cat","embeddable":true,"href":"https:\/\/www.ledpointlight.com\/fr\/wp-json\/wp\/v2\/product_cat?post=5979"},{"taxonomy":"product_tag","embeddable":true,"href":"https:\/\/www.ledpointlight.com\/fr\/wp-json\/wp\/v2\/product_tag?post=5979"}],"curies":[{"name":"wp","href":"https:\/\/api.w.org\/{rel}","templated":true}]}}