{"id":6079,"date":"2024-11-23T11:15:05","date_gmt":"2024-11-23T03:15:05","guid":{"rendered":"https:\/\/www.ledpointlight.com\/product\/miracle-bean-led-point-light-ip67-dmx-rgb-5050-building-decorate-landscape-light-led-pixel-light-2-2-2-2-2-2-2\/"},"modified":"2024-12-20T11:23:27","modified_gmt":"2024-12-20T03:23:27","slug":"miracle-stereoscopic-soft-light-shining-with-just-one-touch-bean-led-crystal-screen-p4","status":"publish","type":"product","link":"https:\/\/www.ledpointlight.com\/fr\/product\/miracle-stereoscopic-soft-light-shining-with-just-one-touch-bean-led-crystal-screen-p4\/","title":{"rendered":"\u00c9cran LED flexible ultra fin pour d\u00e9coration int\u00e9rieure DC5V P4, film transparent souple et couleur"},"content":{"rendered":"<p>The product&#8217;s permeability can reach up to 95%, and the lighting is good. The screen body is almost imperceptible 3 meters away. Different from the traditional LED&#8217;s ultimate pursuit of clarity, the LED crystal truss screen has high permeability, which does not block the daily indoor lighting and does not affect the viewing line.<\/p>","protected":false},"excerpt":{"rendered":"<p>The product&#8217;s permeability can reach up to 95%, and the lighting is good. The screen body is almost imperceptible 3 meters away. Different from the traditional LED&#8217;s ultimate pursuit of clarity, the LED crystal truss screen has high permeability, which does not block the daily indoor lighting and does not affect the viewing line.<\/p>","protected":false},"featured_media":6133,"comment_status":"open","ping_status":"closed","template":"","meta":{"_acf_changed":false},"product_cat":[47],"product_tag":[],"class_list":["post-6079","product","type-product","status-publish","has-post-thumbnail","hentry","product_cat-led-flexible-transparent-screen"],"acf":[],"_links":{"self":[{"href":"https:\/\/www.ledpointlight.com\/fr\/wp-json\/wp\/v2\/product\/6079","targetHints":{"allow":["GET"]}}],"collection":[{"href":"https:\/\/www.ledpointlight.com\/fr\/wp-json\/wp\/v2\/product"}],"about":[{"href":"https:\/\/www.ledpointlight.com\/fr\/wp-json\/wp\/v2\/types\/product"}],"replies":[{"embeddable":true,"href":"https:\/\/www.ledpointlight.com\/fr\/wp-json\/wp\/v2\/comments?post=6079"}],"wp:featuredmedia":[{"embeddable":true,"href":"https:\/\/www.ledpointlight.com\/fr\/wp-json\/wp\/v2\/media\/6133"}],"wp:attachment":[{"href":"https:\/\/www.ledpointlight.com\/fr\/wp-json\/wp\/v2\/media?parent=6079"}],"wp:term":[{"taxonomy":"product_cat","embeddable":true,"href":"https:\/\/www.ledpointlight.com\/fr\/wp-json\/wp\/v2\/product_cat?post=6079"},{"taxonomy":"product_tag","embeddable":true,"href":"https:\/\/www.ledpointlight.com\/fr\/wp-json\/wp\/v2\/product_tag?post=6079"}],"curies":[{"name":"wp","href":"https:\/\/api.w.org\/{rel}","templated":true}]}}